{"id":5850,"date":"2023-03-21T15:26:50","date_gmt":"2023-03-21T12:26:50","guid":{"rendered":"https:\/\/shop.organiksolar.com\/?page_id=5850"},"modified":"2023-03-21T17:46:45","modified_gmt":"2023-03-21T14:46:45","slug":"hakkimizda-2","status":"publish","type":"page","link":"https:\/\/shop.organiksolar.com\/?page_id=5850","title":{"rendered":"Hakk\u0131m\u0131zda"},"content":{"rendered":"\n<p>OrganikSolar 2020 y\u0131l\u0131nda EPC (Engineering, Procurement &amp; Construction) hizmeti vermek amac\u0131yla kurulmu\u015f bir m\u00fchendislik firmas\u0131d\u0131r.2020 y\u0131l\u0131n\u0131 uzun vadeli stratejilerimiz do\u011frultusunda personel e\u011fitimi, kalite y\u00f6netimi ve tedarik zinciri konular\u0131nda gerekli haz\u0131rl\u0131klar tamamlanm\u0131\u015ft\u0131r.<\/p>\n\n\n\n<p>\u015eimdilerde  Solar \u00c7at\u0131 Sistemleri, Solar Karavan Sistemleri, Solar Sulama Sistemleri alanlar\u0131nda faaliyetlerini s\u00fcrd\u00fcrmektedir. Ayn\u0131 zamanda Solar  Enerji Sistemleri \u00fcr\u00fcn tedarik  ve sat\u0131\u015f  hizmetleri sa\u011flamaktad\u0131r.<\/p>\n\n\n\n<figure class=\"wp-block-image size-full\"><img loading=\"lazy\" decoding=\"async\" width=\"883\" height=\"503\" src=\"https:\/\/shop.organiksolar.com\/wp-content\/uploads\/2023\/03\/hakkimizda-2.png\" alt=\"\" class=\"wp-image-5895\" srcset=\"https:\/\/shop.organiksolar.com\/wp-content\/uploads\/2023\/03\/hakkimizda-2.png 883w, https:\/\/shop.organiksolar.com\/wp-content\/uploads\/2023\/03\/hakkimizda-2-768x437.png 768w, https:\/\/shop.organiksolar.com\/wp-content\/uploads\/2023\/03\/hakkimizda-2-640x365.png 640w, https:\/\/shop.organiksolar.com\/wp-content\/uploads\/2023\/03\/hakkimizda-2-400x228.png 400w, https:\/\/shop.organiksolar.com\/wp-content\/uploads\/2023\/03\/hakkimizda-2-600x342.png 600w\" sizes=\"auto, (max-width: 883px) 100vw, 883px\" \/><\/figure>\n","protected":false},"excerpt":{"rendered":"<p>OrganikSolar 2020 y\u0131l\u0131nda EPC (Engineering, Procurement &amp; Construction) hizmeti vermek amac\u0131yla kurulmu\u015f bir m\u00fchendislik firmas\u0131d\u0131r.2020 y\u0131l\u0131n\u0131 uzun vadeli stratejilerimiz do\u011frultusunda personel e\u011fitimi, kalite y\u00f6netimi ve tedarik zinciri konular\u0131nda gerekli haz\u0131rl\u0131klar tamamlanm\u0131\u015ft\u0131r. \u015eimdilerde Solar \u00c7at\u0131 Sistemleri, Solar Karavan Sistemleri, Solar Sulama Sistemleri alanlar\u0131nda faaliyetlerini s\u00fcrd\u00fcrmektedir. Ayn\u0131 zamanda Solar Enerji Sistemleri \u00fcr\u00fcn tedarik ve sat\u0131\u015f hizmetleri sa\u011flamaktad\u0131r.<\/p>\n","protected":false},"author":1,"featured_media":0,"parent":0,"menu_order":0,"comment_status":"closed","ping_status":"closed","template":"","meta":{"content-type":"","footnotes":""},"class_list":["post-5850","page","type-page","status-publish","hentry"],"_links":{"self":[{"href":"https:\/\/shop.organiksolar.com\/index.php?rest_route=\/wp\/v2\/pages\/5850","targetHints":{"allow":["GET"]}}],"collection":[{"href":"https:\/\/shop.organiksolar.com\/index.php?rest_route=\/wp\/v2\/pages"}],"about":[{"href":"https:\/\/shop.organiksolar.com\/index.php?rest_route=\/wp\/v2\/types\/page"}],"author":[{"embeddable":true,"href":"https:\/\/shop.organiksolar.com\/index.php?rest_route=\/wp\/v2\/users\/1"}],"replies":[{"embeddable":true,"href":"https:\/\/shop.organiksolar.com\/index.php?rest_route=%2Fwp%2Fv2%2Fcomments&post=5850"}],"version-history":[{"count":2,"href":"https:\/\/shop.organiksolar.com\/index.php?rest_route=\/wp\/v2\/pages\/5850\/revisions"}],"predecessor-version":[{"id":5896,"href":"https:\/\/shop.organiksolar.com\/index.php?rest_route=\/wp\/v2\/pages\/5850\/revisions\/5896"}],"wp:attachment":[{"href":"https:\/\/shop.organiksolar.com\/index.php?rest_route=%2Fwp%2Fv2%2Fmedia&parent=5850"}],"curies":[{"name":"wp","href":"https:\/\/api.w.org\/{rel}","templated":true}]}}