{"id":1126,"date":"2018-04-09T05:12:25","date_gmt":"2018-04-09T05:12:25","guid":{"rendered":"http:\/\/sw-themes.com\/porto_dummy\/product\/import-placeholder-for-600\/"},"modified":"2023-12-11T15:40:38","modified_gmt":"2023-12-11T12:40:38","slug":"25-acoustic-noise","status":"publish","type":"product","link":"https:\/\/shop.organiksolar.com\/?product=25-acoustic-noise","title":{"rendered":"285 Watt Polikristal Lexron G\u00fcne\u015f Paneli"},"content":{"rendered":"","protected":false},"excerpt":{"rendered":"<table border=\"0\" width=\"352\" cellspacing=\"0\" cellpadding=\"0\">\n<tbody>\n<tr>\n<td class=\"xl66\" width=\"169\" height=\"20\">\u00dcr\u00fcn Kodu<\/td>\n<td class=\"xl66\" width=\"14\">:<\/td>\n<td class=\"xl66\" width=\"169\">LXR-285P<\/td>\n<\/tr>\n<tr>\n<td class=\"xl66\" width=\"169\" height=\"20\">Marka<\/td>\n<td class=\"xl66\" width=\"14\">:<\/td>\n<td class=\"xl66\" width=\"169\">LEXRON<\/td>\n<\/tr>\n<tr>\n<td class=\"xl67\" width=\"169\" height=\"20\">Sertifikalar<\/td>\n<td class=\"xl66\" width=\"14\">:<\/td>\n<td class=\"xl67\" width=\"169\">CE, IEC<\/td>\n<\/tr>\n<tr>\n<td class=\"xl66\" width=\"169\" height=\"20\">Elektriksel \u00d6zellikler<\/td>\n<td class=\"xl66\" width=\"14\"><\/td>\n<td class=\"xl66\" width=\"169\"><\/td>\n<\/tr>\n<tr>\n<td class=\"xl67\" width=\"169\" height=\"20\">G\u00fc\u00e7<\/td>\n<td class=\"xl66\" width=\"14\">:<\/td>\n<td class=\"xl71\">285W<\/td>\n<\/tr>\n<tr>\n<td class=\"xl67\" width=\"169\" height=\"20\">H\u00fccre Say\u0131s\u0131<\/td>\n<td class=\"xl66\" width=\"14\">:<\/td>\n<td class=\"xl71\">60<\/td>\n<\/tr>\n<tr>\n<td class=\"xl67\" width=\"169\" height=\"20\">A\u00e7\u0131k Devre Voltaj\u0131 (Voc)<\/td>\n<td class=\"xl66\" width=\"14\">:<\/td>\n<td class=\"xl70\">37,60V<\/td>\n<\/tr>\n<tr>\n<td class=\"xl67\" width=\"169\" height=\"20\">Maks. Voltaj (Vmp)<\/td>\n<td class=\"xl66\" width=\"14\">:<\/td>\n<td class=\"xl70\">31.10V<\/td>\n<\/tr>\n<tr>\n<td class=\"xl67\" width=\"169\" height=\"20\">K\u0131sa Devre Ak\u0131m\u0131 (Isc)<\/td>\n<td class=\"xl66\" width=\"14\">:<\/td>\n<td class=\"xl70\">9.43A<\/td>\n<\/tr>\n<tr>\n<td class=\"xl67\" width=\"169\" height=\"20\">Maks. Ak\u0131m (Imp)<\/td>\n<td class=\"xl66\" width=\"14\">:<\/td>\n<td class=\"xl70\">9.00A<\/td>\n<\/tr>\n<tr>\n<td class=\"xl67\" width=\"169\" height=\"20\">Maks. Sistem Voltaj\u0131<\/td>\n<td class=\"xl66\" width=\"14\">:<\/td>\n<td class=\"xl70\">1000V<\/td>\n<\/tr>\n<tr>\n<td class=\"xl66\" width=\"169\" height=\"20\">Mekanik \u00d6zellikler<\/td>\n<td class=\"xl66\" width=\"14\"><\/td>\n<td class=\"xl71\"><\/td>\n<\/tr>\n<tr>\n<td class=\"xl67\" width=\"169\" height=\"20\">Mod\u00fcl \u00d6l\u00e7\u00fcleri<\/td>\n<td class=\"xl66\" width=\"14\">:<\/td>\n<td class=\"xl71\">1640*990*35<\/td>\n<\/tr>\n<tr>\n<td class=\"xl67\" width=\"169\" height=\"20\">A\u011f\u0131rl\u0131k<\/td>\n<td class=\"xl66\" width=\"14\">:<\/td>\n<td class=\"xl71\">19kg<\/td>\n<\/tr>\n<tr>\n<td class=\"xl69\" colspan=\"3\" width=\"352\" height=\"20\">Standart Test Ko\u015fullar\u0131: Am=1.5 E=1000W\/m2 Tc=25\u2103<\/td>\n<\/tr>\n<\/tbody>\n<\/table>\n","protected":false},"featured_media":6163,"comment_status":"open","ping_status":"closed","template":"","meta":{"content-type":""},"product_cat":[101],"product_tag":[171,173,174],"class_list":{"0":"post-1126","1":"product","2":"type-product","3":"status-publish","4":"has-post-thumbnail","6":"product_cat-policristal-gunes-panelleri","7":"product_tag-gunes-enerji","8":"product_tag-policristal-panel","9":"product_tag-polikristal-gunes-paneli","11":"first","12":"instock","13":"sale","14":"shipping-taxable","15":"purchasable","16":"product-type-simple"},"_links":{"self":[{"href":"https:\/\/shop.organiksolar.com\/index.php?rest_route=\/wp\/v2\/product\/1126","targetHints":{"allow":["GET"]}}],"collection":[{"href":"https:\/\/shop.organiksolar.com\/index.php?rest_route=\/wp\/v2\/product"}],"about":[{"href":"https:\/\/shop.organiksolar.com\/index.php?rest_route=\/wp\/v2\/types\/product"}],"replies":[{"embeddable":true,"href":"https:\/\/shop.organiksolar.com\/index.php?rest_route=%2Fwp%2Fv2%2Fcomments&post=1126"}],"wp:featuredmedia":[{"embeddable":true,"href":"https:\/\/shop.organiksolar.com\/index.php?rest_route=\/wp\/v2\/media\/6163"}],"wp:attachment":[{"href":"https:\/\/shop.organiksolar.com\/index.php?rest_route=%2Fwp%2Fv2%2Fmedia&parent=1126"}],"wp:term":[{"taxonomy":"product_cat","embeddable":true,"href":"https:\/\/shop.organiksolar.com\/index.php?rest_route=%2Fwp%2Fv2%2Fproduct_cat&post=1126"},{"taxonomy":"product_tag","embeddable":true,"href":"https:\/\/shop.organiksolar.com\/index.php?rest_route=%2Fwp%2Fv2%2Fproduct_tag&post=1126"}],"curies":[{"name":"wp","href":"https:\/\/api.w.org\/{rel}","templated":true}]}}