{"id":1127,"date":"2018-04-09T05:12:25","date_gmt":"2018-04-09T05:12:25","guid":{"rendered":"http:\/\/sw-themes.com\/porto_dummy\/product\/import-placeholder-for-602\/"},"modified":"2023-12-11T16:01:07","modified_gmt":"2023-12-11T13:01:07","slug":"computer-mouse","status":"publish","type":"product","link":"https:\/\/shop.organiksolar.com\/?product=computer-mouse","title":{"rendered":"Solar Dalg\u0131\u00e7 Pompa 5 tonluk"},"content":{"rendered":"<p><strong>Solarist<\/strong>\u00a0Marka\u00a0<strong>400w<\/strong>\u00a0G\u00fcc\u00fcnde Maksimum 60 Metre basma Y\u00fcksekli\u011fine sahip<strong>\u00a0Solar Dalg\u0131\u00e7 Pompa<\/strong><\/p>\n<p><strong>Solarist<\/strong>\u00a0<strong>SolDc48vs<\/strong>\u00a0<strong>Solar Dalg\u0131\u00e7 Pompa<\/strong>(\u00dcr\u00fcn kodu a\u00e7\u0131l\u0131m\u0131;\u00a0<strong>Solarist<\/strong>\u00a0Do\u011fru ak\u0131m 48volt Helezon pompa )<\/p>\n","protected":false},"excerpt":{"rendered":"<p>Solarist\u00a0Marka\u00a0400w\u00a0G\u00fcc\u00fcnde Maksimum 60 Metre basma Y\u00fcksekli\u011fine sahip\u00a0Solar Dalg\u0131\u00e7 Pompa Solarist\u00a0SolDc48vs\u00a0Solar Dalg\u0131\u00e7 Pompa(\u00dcr\u00fcn kodu a\u00e7\u0131l\u0131m\u0131;\u00a0Solarist\u00a0Do\u011fru ak\u0131m 48volt Helezon pompa )<\/p>\n","protected":false},"featured_media":5925,"comment_status":"open","ping_status":"closed","template":"","meta":{"content-type":""},"product_cat":[178],"product_tag":[182,179,180,181],"class_list":{"0":"post-1127","1":"product","2":"type-product","3":"status-publish","4":"has-post-thumbnail","6":"product_cat-solar-pompalar","7":"product_tag-gunes-enerili-sulama-sistemleri","8":"product_tag-pompa","9":"product_tag-solar-pompa","10":"product_tag-solar-sulama","12":"first","13":"instock","14":"sale","15":"featured","16":"downloadable","17":"shipping-taxable","18":"purchasable","19":"product-type-simple"},"_links":{"self":[{"href":"https:\/\/shop.organiksolar.com\/index.php?rest_route=\/wp\/v2\/product\/1127","targetHints":{"allow":["GET"]}}],"collection":[{"href":"https:\/\/shop.organiksolar.com\/index.php?rest_route=\/wp\/v2\/product"}],"about":[{"href":"https:\/\/shop.organiksolar.com\/index.php?rest_route=\/wp\/v2\/types\/product"}],"replies":[{"embeddable":true,"href":"https:\/\/shop.organiksolar.com\/index.php?rest_route=%2Fwp%2Fv2%2Fcomments&post=1127"}],"wp:featuredmedia":[{"embeddable":true,"href":"https:\/\/shop.organiksolar.com\/index.php?rest_route=\/wp\/v2\/media\/5925"}],"wp:attachment":[{"href":"https:\/\/shop.organiksolar.com\/index.php?rest_route=%2Fwp%2Fv2%2Fmedia&parent=1127"}],"wp:term":[{"taxonomy":"product_cat","embeddable":true,"href":"https:\/\/shop.organiksolar.com\/index.php?rest_route=%2Fwp%2Fv2%2Fproduct_cat&post=1127"},{"taxonomy":"product_tag","embeddable":true,"href":"https:\/\/shop.organiksolar.com\/index.php?rest_route=%2Fwp%2Fv2%2Fproduct_tag&post=1127"}],"curies":[{"name":"wp","href":"https:\/\/api.w.org\/{rel}","templated":true}]}}