{"id":1128,"date":"2018-04-12T05:12:25","date_gmt":"2018-04-12T05:12:25","guid":{"rendered":"http:\/\/sw-themes.com\/porto_dummy\/product\/import-placeholder-for-605\/"},"modified":"2023-04-03T09:02:00","modified_gmt":"2023-04-03T06:02:00","slug":"ideapad","status":"publish","type":"product","link":"https:\/\/shop.organiksolar.com\/?product=ideapad","title":{"rendered":"80A MPPT \u015eARJ KONTROL C\u0130HAZI"},"content":{"rendered":"","protected":false},"excerpt":{"rendered":"<table border=\"0\" width=\"332\" cellspacing=\"0\" cellpadding=\"0\">\n<tbody>\n<tr>\n<td class=\"xl63\" width=\"182\" height=\"33\">Ak\u00fc Voltaj\u0131<\/td>\n<td class=\"xl64\" width=\"150\">12\/24\/36\/48 Otomatik<\/td>\n<\/tr>\n<tr>\n<td class=\"xl63\" height=\"33\">Maksimum Solar Giri\u015f Voltaj\u0131<\/td>\n<td class=\"xl64\">145VDC<\/td>\n<\/tr>\n<tr>\n<td class=\"xl63\" height=\"33\">MPPT Giri\u015f Voltaj Aral\u0131\u011f\u0131<\/td>\n<td class=\"xl64\">60-130V<\/td>\n<\/tr>\n<tr>\n<td class=\"xl63\" height=\"33\">Maksimum G\u00fc\u00e7 Giri\u015fi<\/td>\n<td class=\"xl64\">5000W<\/td>\n<\/tr>\n<tr>\n<td class=\"xl63\" height=\"33\">Verimlilik<\/td>\n<td class=\"xl65\">99%<\/td>\n<\/tr>\n<tr>\n<td class=\"xl63\" height=\"33\">Maksimum \u015earj Ak\u0131m\u0131<\/td>\n<td class=\"xl64\">80A<\/td>\n<\/tr>\n<tr>\n<td class=\"xl63\" height=\"33\">Boyutlar\u0131<\/td>\n<td class=\"xl64\">152x100x294mm<\/td>\n<\/tr>\n<tr>\n<td class=\"xl63\" height=\"33\">A\u011f\u0131rl\u0131k<\/td>\n<td class=\"xl64\">3kg<\/td>\n<\/tr>\n<tr>\n<td class=\"xl63\" height=\"33\">\u00c7al\u0131\u015fma S\u0131cakl\u0131\u011f\u0131<\/td>\n<td class=\"xl64\">&#8220;-25 \/ +55 derece<\/td>\n<\/tr>\n<\/tbody>\n<\/table>\n","protected":false},"featured_media":6174,"comment_status":"open","ping_status":"closed","template":"","meta":{"content-type":""},"product_cat":[93],"product_tag":[],"class_list":{"0":"post-1128","1":"product","2":"type-product","3":"status-publish","4":"has-post-thumbnail","6":"product_cat-sarj-kontrol-cihazlari","8":"first","9":"instock","10":"sale","11":"shipping-taxable","12":"purchasable","13":"product-type-simple"},"_links":{"self":[{"href":"https:\/\/shop.organiksolar.com\/index.php?rest_route=\/wp\/v2\/product\/1128","targetHints":{"allow":["GET"]}}],"collection":[{"href":"https:\/\/shop.organiksolar.com\/index.php?rest_route=\/wp\/v2\/product"}],"about":[{"href":"https:\/\/shop.organiksolar.com\/index.php?rest_route=\/wp\/v2\/types\/product"}],"replies":[{"embeddable":true,"href":"https:\/\/shop.organiksolar.com\/index.php?rest_route=%2Fwp%2Fv2%2Fcomments&post=1128"}],"wp:featuredmedia":[{"embeddable":true,"href":"https:\/\/shop.organiksolar.com\/index.php?rest_route=\/wp\/v2\/media\/6174"}],"wp:attachment":[{"href":"https:\/\/shop.organiksolar.com\/index.php?rest_route=%2Fwp%2Fv2%2Fmedia&parent=1128"}],"wp:term":[{"taxonomy":"product_cat","embeddable":true,"href":"https:\/\/shop.organiksolar.com\/index.php?rest_route=%2Fwp%2Fv2%2Fproduct_cat&post=1128"},{"taxonomy":"product_tag","embeddable":true,"href":"https:\/\/shop.organiksolar.com\/index.php?rest_route=%2Fwp%2Fv2%2Fproduct_tag&post=1128"}],"curies":[{"name":"wp","href":"https:\/\/api.w.org\/{rel}","templated":true}]}}