{"id":1130,"date":"2018-04-09T05:12:26","date_gmt":"2018-04-09T05:12:26","guid":{"rendered":"http:\/\/sw-themes.com\/porto_dummy\/product\/import-placeholder-for-839\/"},"modified":"2023-12-11T15:35:51","modified_gmt":"2023-12-11T12:35:51","slug":"headphone-black-2","status":"publish","type":"product","link":"https:\/\/shop.organiksolar.com\/?product=headphone-black-2","title":{"rendered":"680  WATT EV T\u0130P\u0130 G\u00dcNE\u015e ENERJ\u0130S\u0130 ELEKTR\u0130K \u00dcRET\u0130M\u0130"},"content":{"rendered":"","protected":false},"excerpt":{"rendered":"<p><b>\u00a0Paket nelerden olu\u015fur?<\/b><\/p>\n<table class=\"_borderNone wpe100\" cellspacing=\"0\" cellpadding=\"0\">\n<tbody>\n<tr>\n<td>\n<table border=\"0\" width=\"407\" cellspacing=\"0\" cellpadding=\"0\">\n<tbody>\n<tr>\n<td class=\"xl67\" height=\"33\">\u00a0Paket \u0130\u00e7eri\u011fi:<\/td>\n<td class=\"xl68\" width=\"11\"><\/td>\n<td><\/td>\n<\/tr>\n<tr>\n<td class=\"xl69\" width=\"266\" height=\"21\">\u00a0170 W Watt Lexron G\u00fcne\u015f Paneli<\/td>\n<td class=\"xl70\" width=\"11\">\u00a0:<\/td>\n<td class=\"xl65\">\u00a04 adet<\/td>\n<\/tr>\n<tr>\n<td class=\"xl69\" width=\"266\" height=\"21\">\u00a0100 Ah\u00a0 Lexron\u00a0\u00a0Jel Ak\u00fc<\/td>\n<td class=\"xl70\" width=\"11\">\u00a0:<\/td>\n<td class=\"xl65\">\u00a02 adet<\/td>\n<\/tr>\n<tr>\n<td class=\"xl69\" width=\"266\" height=\"21\">\u00a01200W Sinus Inverter\u00a0(12V)<\/td>\n<td class=\"xl70\" width=\"11\">\u00a0:<\/td>\n<td class=\"xl65\">\u00a01 Adet<\/td>\n<\/tr>\n<tr>\n<td class=\"xl69\" width=\"266\" height=\"21\">\u00a030 Amper \u015earj Reg\u00fclat\u00f6r\u00fc<\/td>\n<td class=\"xl70\" width=\"11\">\u00a0:<\/td>\n<td class=\"xl65\">\u00a01 Adet<\/td>\n<\/tr>\n<tr>\n<td class=\"xl69\" width=\"266\" height=\"21\">\u00a020mt Solar Kablo+3l\u00fc Branch+MC4<\/td>\n<td class=\"xl70\" width=\"11\"><\/td>\n<td class=\"xl65\"><\/td>\n<\/tr>\n<\/tbody>\n<\/table>\n<\/td>\n<\/tr>\n<\/tbody>\n<\/table>\n<p><b>\u00a0Paket neleri \u00c7al\u0131\u015ft\u0131r\u0131r?<\/b><\/p>\n<table class=\"_borderNone wpe100\" cellspacing=\"0\" cellpadding=\"0\">\n<tbody>\n<tr>\n<td>\n<div class=\"ProductDetail\">\n<table border=\"0\" width=\"407\" cellspacing=\"0\" cellpadding=\"0\">\n<colgroup>\n<col width=\"266\" \/>\n<col width=\"11\" \/>\n<col width=\"130\" \/><\/colgroup>\n<tbody>\n<tr>\n<td class=\"xl67\" width=\"266\" height=\"33\">\u00a0\u00c7ALI\u015eTIRAB\u0130LECE\u011e\u0130N\u0130Z C\u0130HAZLAR<\/td>\n<td class=\"xl68\" width=\"11\"><\/td>\n<td width=\"130\"><\/td>\n<\/tr>\n<tr>\n<td class=\"xl69\" width=\"266\" height=\"21\">\u00a03 ADET LED AMP\u00dcL (7W)<\/td>\n<td class=\"xl70\" width=\"11\">\u00a0:<\/td>\n<td class=\"xl65\">\u00a0G\u00dcNDE 8 SAAT<\/td>\n<\/tr>\n<tr>\n<td class=\"xl69\" width=\"266\" height=\"21\">\u00a01 ADET M\u0130N\u0130 BUZDOLABI (A+)<\/td>\n<td class=\"xl70\" width=\"11\">\u00a0:<\/td>\n<td class=\"xl65\">\u00a0G\u00dcNDE 24 SAAT<\/td>\n<\/tr>\n<tr>\n<td class=\"xl69\" width=\"266\" height=\"21\">\u00a01 ADET LED TV<\/td>\n<td class=\"xl70\" width=\"11\">\u00a0:<\/td>\n<td class=\"xl65\">\u00a0G\u00dcNDE 8 SAAT<\/td>\n<\/tr>\n<tr>\n<td class=\"xl69\" width=\"266\" height=\"21\">\u00a01 ADET UYDU C\u0130HAZI<\/td>\n<td class=\"xl70\" width=\"11\">\u00a0:<\/td>\n<td class=\"xl65\">\u00a0G\u00dcNDE 8 SAAT<\/td>\n<\/tr>\n<tr>\n<td class=\"xl69\" width=\"266\" height=\"21\">\u00a0CEP TELEFONU \u015eARJI<\/td>\n<td class=\"xl70\" width=\"11\">\u00a0:<\/td>\n<td class=\"xl65\">\u00a0SINIRSIZ<\/td>\n<\/tr>\n<\/tbody>\n<\/table>\n<\/div>\n<\/td>\n<\/tr>\n<\/tbody>\n<\/table>\n","protected":false},"featured_media":6211,"comment_status":"open","ping_status":"closed","template":"","meta":{"content-type":""},"product_cat":[97],"product_tag":[177,175,176],"class_list":{"0":"post-1130","1":"product","2":"type-product","3":"status-publish","4":"has-post-thumbnail","6":"product_cat-enerji-kiti","7":"product_tag-enerji-paketi","8":"product_tag-solar-bag","9":"product_tag-solar-sistem","11":"first","12":"instock","13":"featured","14":"downloadable","15":"shipping-taxable","16":"purchasable","17":"product-type-simple"},"_links":{"self":[{"href":"https:\/\/shop.organiksolar.com\/index.php?rest_route=\/wp\/v2\/product\/1130","targetHints":{"allow":["GET"]}}],"collection":[{"href":"https:\/\/shop.organiksolar.com\/index.php?rest_route=\/wp\/v2\/product"}],"about":[{"href":"https:\/\/shop.organiksolar.com\/index.php?rest_route=\/wp\/v2\/types\/product"}],"replies":[{"embeddable":true,"href":"https:\/\/shop.organiksolar.com\/index.php?rest_route=%2Fwp%2Fv2%2Fcomments&post=1130"}],"wp:featuredmedia":[{"embeddable":true,"href":"https:\/\/shop.organiksolar.com\/index.php?rest_route=\/wp\/v2\/media\/6211"}],"wp:attachment":[{"href":"https:\/\/shop.organiksolar.com\/index.php?rest_route=%2Fwp%2Fv2%2Fmedia&parent=1130"}],"wp:term":[{"taxonomy":"product_cat","embeddable":true,"href":"https:\/\/shop.organiksolar.com\/index.php?rest_route=%2Fwp%2Fv2%2Fproduct_cat&post=1130"},{"taxonomy":"product_tag","embeddable":true,"href":"https:\/\/shop.organiksolar.com\/index.php?rest_route=%2Fwp%2Fv2%2Fproduct_tag&post=1130"}],"curies":[{"name":"wp","href":"https:\/\/api.w.org\/{rel}","templated":true}]}}