{"id":1143,"date":"2018-04-09T05:12:27","date_gmt":"2018-04-09T05:12:27","guid":{"rendered":"http:\/\/sw-themes.com\/porto_dummy\/product\/import-placeholder-for-1272\/"},"modified":"2023-12-11T15:56:11","modified_gmt":"2023-12-11T12:56:11","slug":"porto-evolution-headset-2","status":"publish","type":"product","link":"https:\/\/shop.organiksolar.com\/?product=porto-evolution-headset-2","title":{"rendered":"100 AH 0rbus lexron L\u0130PO4 BATARYA L\u0130TYUM AK\u00dc"},"content":{"rendered":"<table border=\"0\" width=\"238\" cellspacing=\"0\" cellpadding=\"0\">\n<tbody>\n<tr>\n<td class=\"xl65\" width=\"122\" height=\"21\">Ak\u00fc Tipi<\/td>\n<td class=\"xl66\" width=\"116\">LiFePO4<\/td>\n<\/tr>\n<tr>\n<td class=\"xl65\" height=\"21\">Nominal Kapasite<\/td>\n<td>100ah 12.8V<\/td>\n<\/tr>\n<tr>\n<td height=\"21\">Standart De\u015farj S\u00fcresi<\/td>\n<td class=\"xl66\">100A\/60min<\/td>\n<\/tr>\n<tr>\n<td height=\"21\">Kapasite<\/td>\n<td class=\"xl66\">1.28KWh<\/td>\n<\/tr>\n<tr>\n<td height=\"21\">Cells<\/td>\n<td class=\"xl66\">Square 100Ah<\/td>\n<\/tr>\n<tr>\n<td height=\"21\">Cycle Life<\/td>\n<td class=\"xl66\">3500 times(1C\/1C)<\/td>\n<\/tr>\n<tr>\n<td class=\"xl65\" height=\"21\">\u00d6l\u00e7\u00fcler (mm)<\/td>\n<td>330*171*220<\/td>\n<\/tr>\n<tr>\n<td class=\"xl65\" height=\"21\">A\u011f\u0131rl\u0131k (kg)<\/td>\n<td class=\"xl66\">11<\/td>\n<\/tr>\n<tr>\n<td class=\"xl65\" height=\"21\">Sertifikalar<\/td>\n<td>CE\/UN38.3\/UL1642\/IEC62133<\/td>\n<\/tr>\n<\/tbody>\n<\/table>\n","protected":false},"excerpt":{"rendered":"<p>Lityum LifePo4 batarya \u00f6zellikleri di\u011fer ak\u00fclere g\u00f6re daha fazla \u015farj ve deep cycle derin de\u015farj d\u00f6ng\u00fcs\u00fcne sahiptir.* Do\u011fru uygulama ve kullan\u0131mda Lityum LifePo4 ak\u00fclerin 10 y\u0131l \u00f6m\u00fcr beklentileri vard\u0131r. Lityum LifePo4 ak\u00fc ve pillerin \u015farj olma s\u00fcresi, di\u011ferlerine g\u00f6re \u00e7ok daha k\u0131sad\u0131r<\/p>\n","protected":false},"featured_media":6173,"comment_status":"open","ping_status":"closed","template":"","meta":{"content-type":""},"product_cat":[96],"product_tag":[183,185,184],"class_list":{"0":"post-1143","1":"product","2":"type-product","3":"status-publish","4":"has-post-thumbnail","6":"product_cat-akuler","7":"product_tag-aku","8":"product_tag-lityum-aku","9":"product_tag-solar-aku","11":"first","12":"instock","13":"shipping-taxable","14":"purchasable","15":"product-type-simple"},"_links":{"self":[{"href":"https:\/\/shop.organiksolar.com\/index.php?rest_route=\/wp\/v2\/product\/1143","targetHints":{"allow":["GET"]}}],"collection":[{"href":"https:\/\/shop.organiksolar.com\/index.php?rest_route=\/wp\/v2\/product"}],"about":[{"href":"https:\/\/shop.organiksolar.com\/index.php?rest_route=\/wp\/v2\/types\/product"}],"replies":[{"embeddable":true,"href":"https:\/\/shop.organiksolar.com\/index.php?rest_route=%2Fwp%2Fv2%2Fcomments&post=1143"}],"wp:featuredmedia":[{"embeddable":true,"href":"https:\/\/shop.organiksolar.com\/index.php?rest_route=\/wp\/v2\/media\/6173"}],"wp:attachment":[{"href":"https:\/\/shop.organiksolar.com\/index.php?rest_route=%2Fwp%2Fv2%2Fmedia&parent=1143"}],"wp:term":[{"taxonomy":"product_cat","embeddable":true,"href":"https:\/\/shop.organiksolar.com\/index.php?rest_route=%2Fwp%2Fv2%2Fproduct_cat&post=1143"},{"taxonomy":"product_tag","embeddable":true,"href":"https:\/\/shop.organiksolar.com\/index.php?rest_route=%2Fwp%2Fv2%2Fproduct_tag&post=1143"}],"curies":[{"name":"wp","href":"https:\/\/api.w.org\/{rel}","templated":true}]}}