{"id":1153,"date":"2018-04-11T05:12:28","date_gmt":"2018-04-11T05:12:28","guid":{"rendered":"http:\/\/sw-themes.com\/porto_dummy\/product\/import-placeholder-for-1312\/"},"modified":"2023-04-03T08:52:39","modified_gmt":"2023-04-03T05:52:39","slug":"porto-both-sticky-info","status":"publish","type":"product","link":"https:\/\/shop.organiksolar.com\/?product=porto-both-sticky-info","title":{"rendered":"10 KW \u00c7ATI \u00dcST\u00dc G\u00dcNE\u015e ENERJ\u0130S\u0130 ELEKTR\u0130K \u00dcRET\u0130M\u0130"},"content":{"rendered":"","protected":false},"excerpt":{"rendered":"<table border=\"1\" cellspacing=\"1\" cellpadding=\"1\">\n<tbody>\n<tr>\n<td colspan=\"3\">PROJE \u0130\u00c7ER\u0130\u011e\u0130<\/td>\n<\/tr>\n<tr>\n<td>455 Watt Half Cut Lexron Monokristal G\u00fcne\u015f Paneli<\/td>\n<td>\u00a024<\/td>\n<td>\u00a0 Adet<\/td>\n<\/tr>\n<tr>\n<td>DEYE 5 KW On Grid \u0130nverter Monofaze<\/td>\n<td>2<\/td>\n<td>\u00a0 Adet<\/td>\n<\/tr>\n<tr>\n<td>Kontrol ve \u0130zleme Sistemi ( Scada )<\/td>\n<td>1<\/td>\n<td>\u00a0 Adet<\/td>\n<\/tr>\n<tr>\n<td>Sabit Montaj Yap\u0131s\u0131<\/td>\n<td>&#8211;<\/td>\n<td>\u00a0 Set<\/td>\n<\/tr>\n<tr>\n<td>DC Kablolama<\/td>\n<td>\u00a040<\/td>\n<td>Metre<\/td>\n<\/tr>\n<tr>\n<td>Toplama Panosu<\/td>\n<td>\u00a01<\/td>\n<td>\u00a0 Set<\/td>\n<\/tr>\n<tr>\n<td>\u0130\u015f\u00e7ilik<\/td>\n<td>&#8211;<\/td>\n<td>\u00a0 Set<\/td>\n<\/tr>\n<tr>\n<td>AC Kablolama<\/td>\n<td>20<\/td>\n<td>Metre<\/td>\n<\/tr>\n<\/tbody>\n<\/table>\n<p>Dc \u00dcretim 10.9 kw<\/p>\n<p>Not:\u00a0Montaj ve Nakliye dahil de\u011fildir.<\/p>\n<p>Not:\u00a0\u00d6z t\u00fcketim y\u00f6ntemine uygundur. Elektrik sat\u0131\u015f\u0131 yap\u0131lmak isteniyorsa gerekli ba\u015fvurular ve yasal izinler i\u00e7in ayr\u0131ca dan\u0131\u015fmanl\u0131k \u00fccreti talep edilir. Yasal Ba\u015fvuru \u00fccreti, har\u00e7lar, vergiler ve tek hat \u015femas\u0131 gibi maliyetler Al\u0131c\u0131ya aittir.<\/p>\n<p>Not:\u00a0Bu sistemlerde Ak\u00fc\u00a0 bulunmaz.<\/p>\n","protected":false},"featured_media":6168,"comment_status":"open","ping_status":"closed","template":"","meta":{"content-type":""},"product_cat":[88],"product_tag":[199,201],"class_list":{"0":"post-1153","1":"product","2":"type-product","3":"status-publish","4":"has-post-thumbnail","6":"product_cat-solar-cati-sistemleri","7":"product_tag-solar-cati","8":"product_tag-solar-ev","10":"first","11":"instock","12":"shipping-taxable","13":"purchasable","14":"product-type-simple"},"_links":{"self":[{"href":"https:\/\/shop.organiksolar.com\/index.php?rest_route=\/wp\/v2\/product\/1153","targetHints":{"allow":["GET"]}}],"collection":[{"href":"https:\/\/shop.organiksolar.com\/index.php?rest_route=\/wp\/v2\/product"}],"about":[{"href":"https:\/\/shop.organiksolar.com\/index.php?rest_route=\/wp\/v2\/types\/product"}],"replies":[{"embeddable":true,"href":"https:\/\/shop.organiksolar.com\/index.php?rest_route=%2Fwp%2Fv2%2Fcomments&post=1153"}],"wp:featuredmedia":[{"embeddable":true,"href":"https:\/\/shop.organiksolar.com\/index.php?rest_route=\/wp\/v2\/media\/6168"}],"wp:attachment":[{"href":"https:\/\/shop.organiksolar.com\/index.php?rest_route=%2Fwp%2Fv2%2Fmedia&parent=1153"}],"wp:term":[{"taxonomy":"product_cat","embeddable":true,"href":"https:\/\/shop.organiksolar.com\/index.php?rest_route=%2Fwp%2Fv2%2Fproduct_cat&post=1153"},{"taxonomy":"product_tag","embeddable":true,"href":"https:\/\/shop.organiksolar.com\/index.php?rest_route=%2Fwp%2Fv2%2Fproduct_tag&post=1153"}],"curies":[{"name":"wp","href":"https:\/\/api.w.org\/{rel}","templated":true}]}}