{"id":1176,"date":"2018-04-09T05:12:55","date_gmt":"2018-04-09T05:12:55","guid":{"rendered":"http:\/\/sw-themes.com\/porto_dummy\/product\/import-placeholder-for-1328\/"},"modified":"2023-12-11T15:59:24","modified_gmt":"2023-12-11T12:59:24","slug":"porto-evolution-headset-3","status":"publish","type":"product","link":"https:\/\/shop.organiksolar.com\/?product=porto-evolution-headset-3","title":{"rendered":"25000 Volt Kompakt A\u00e7 Kapa G\u00fcne\u015f Panelli Ak\u00fcl\u00fc domuz kovucu \u00c7it Cihaz\u0131"},"content":{"rendered":"","protected":false},"excerpt":{"rendered":"<ul>\n<li>Entegre G\u00fcne\u015f Panelli, 20 Watt<\/li>\n<li>Dahili Ak\u00fcl\u00fc 12volt 12 Ah<\/li>\n<li>\u015earj Kontrol Cihazl\u0131<\/li>\n<li>Kompakt \u00c7it Cihaz\u0131 15,000 Volt<\/li>\n<li>A\u00e7 kapa Model<\/li>\n<li>%100 Yerli \u00dcretim<\/li>\n<li>2 Y\u0131l\u00a0 Garantili<\/li>\n<li>Su Ge\u00e7irmez Uv Dayan\u0131ml\u0131\u00a0 E\u011fimli Tasar\u0131m<\/li>\n<li>Led \u0130kaz I\u015f\u0131kl\u0131<\/li>\n<li>30,000 Metre Etkili Tel Menzili<\/li>\n<\/ul>\n<p>Elektrikli \u00e7itler inek, s\u0131\u011f\u0131r, koyun, ke\u00e7i, tavuk, deve ku\u015fu, hindi, tav\u015fan gibi \u00e7iftlik hayvanlar\u0131n\u0131 belirlenen alanda tutmak i\u00e7in veya\u00a0 ay\u0131, domuz, porsuk gibi vah\u015fi hayvanlar\u0131 belirlenen alana girmesini engelleyen cayd\u0131r\u0131c\u0131 elektrik verilmi\u015f \u015fok cihazlar\u0131d\u0131r.<\/p>\n<p>Ar\u0131c\u0131lar i\u00e7in\u00a0 g\u00fcne\u015f enerjili Ay\u0131 kovucu \u015fok cihazlar\u0131 fiyat\u0131 ile ay\u0131lar\u0131n en sevdi\u011fi bal\u0131 ar\u0131 kovanlar\u0131 ay\u0131 sald\u0131r\u0131lar\u0131ndan korunmu\u015f olur. Ar\u0131 kovanlar\u0131 elektrikli \u00e7it sistemi i\u00e7ine alarak ay\u0131lar\u0131 uzak tutabilirsiniz. Cihaz Hayvan sa\u011fl\u0131\u011f\u0131na zarar vermez, sadece cayd\u0131r\u0131c\u0131d\u0131r.<\/p>\n<p>&nbsp;<\/p>\n","protected":false},"featured_media":6200,"comment_status":"open","ping_status":"closed","template":"","meta":{"content-type":""},"product_cat":[98],"product_tag":[],"class_list":{"0":"post-1176","1":"product","2":"type-product","3":"status-publish","4":"has-post-thumbnail","6":"product_cat-elektrikli-cit","8":"first","9":"instock","10":"featured","11":"shipping-taxable","12":"purchasable","13":"product-type-simple"},"_links":{"self":[{"href":"https:\/\/shop.organiksolar.com\/index.php?rest_route=\/wp\/v2\/product\/1176","targetHints":{"allow":["GET"]}}],"collection":[{"href":"https:\/\/shop.organiksolar.com\/index.php?rest_route=\/wp\/v2\/product"}],"about":[{"href":"https:\/\/shop.organiksolar.com\/index.php?rest_route=\/wp\/v2\/types\/product"}],"replies":[{"embeddable":true,"href":"https:\/\/shop.organiksolar.com\/index.php?rest_route=%2Fwp%2Fv2%2Fcomments&post=1176"}],"wp:featuredmedia":[{"embeddable":true,"href":"https:\/\/shop.organiksolar.com\/index.php?rest_route=\/wp\/v2\/media\/6200"}],"wp:attachment":[{"href":"https:\/\/shop.organiksolar.com\/index.php?rest_route=%2Fwp%2Fv2%2Fmedia&parent=1176"}],"wp:term":[{"taxonomy":"product_cat","embeddable":true,"href":"https:\/\/shop.organiksolar.com\/index.php?rest_route=%2Fwp%2Fv2%2Fproduct_cat&post=1176"},{"taxonomy":"product_tag","embeddable":true,"href":"https:\/\/shop.organiksolar.com\/index.php?rest_route=%2Fwp%2Fv2%2Fproduct_tag&post=1176"}],"curies":[{"name":"wp","href":"https:\/\/api.w.org\/{rel}","templated":true}]}}