{"id":1185,"date":"2018-04-09T05:13:14","date_gmt":"2018-04-09T05:13:14","guid":{"rendered":"http:\/\/sw-themes.com\/porto_dummy\/product\/import-placeholder-for-1336\/"},"modified":"2023-03-31T19:14:40","modified_gmt":"2023-03-31T16:14:40","slug":"silver-porto-headset","status":"publish","type":"product","link":"https:\/\/shop.organiksolar.com\/?product=silver-porto-headset","title":{"rendered":"5 KW EV G\u00dcNE\u015e ENERJ\u0130S\u0130 ELEKTR\u0130K \u00dcRET\u0130M\u0130"},"content":{"rendered":"","protected":false},"excerpt":{"rendered":"<p><strong style=\"font-weight: 400;\">5 kW Solar \u00c7at\u0131 G\u00fcne\u015f Enerjisi Elektrik \u00dcretim Sistemi i\u00e7in Kullan\u0131lmas\u0131 Gereken \u00dcr\u00fcnler Nelerdir?<\/strong><\/p>\n<p>5 kw\u00a0<u><a href=\"https:\/\/satis.powerenerji.com\/cati-uzeri-gunes-enerji-santrali-elektrik-uretimi\">g\u00fcne\u015f enerjisi elektrik \u00fcretim sistemleri<\/a><\/u>\u00a0i\u00e7in\u00a0<a href=\"https:\/\/satis.powerenerji.com\/Gunes-Panelleri-Fiyatlari\">G\u00fcne\u015f Paneli<\/a>, \u015eebeke uyumlu\u00a0<u><a href=\"https:\/\/satis.powerenerji.com\/inverter-Fiyatlari\/on-grid-inverter-fiyatlari\">On grid inverter<\/a><\/u>,\u00a0<u>enerji \u00fcretimi<\/u>\u00a0takip sistemi ve gereken di\u011fer \u00fcr\u00fcnler a\u015fa\u011f\u0131da listelenmi\u015ftir.<\/p>\n<table style=\"font-weight: 300;\">\n<tbody>\n<tr>\n<td>\n<h4>455 Watt Half Cut Lexron Monokristal G\u00fcne\u015f Paneli<\/h4>\n<\/td>\n<td>\n<h4>12<\/h4>\n<\/td>\n<td>\n<h4>\u00a0 Adet<\/h4>\n<\/td>\n<\/tr>\n<tr>\n<td>\n<h4>DEYE 5 KW On Grid \u0130nverter &#8211; Monofaze<\/h4>\n<\/td>\n<td>\n<h4>1<\/h4>\n<\/td>\n<td>\n<h4>\u00a0 Adet<\/h4>\n<\/td>\n<\/tr>\n<tr>\n<td>\n<h4>Kontrol ve \u0130zleme Sistemi ( Scada )<\/h4>\n<\/td>\n<td>\n<h4>1<\/h4>\n<\/td>\n<td>\n<h4>\u00a0 Adet<\/h4>\n<\/td>\n<\/tr>\n<tr>\n<td>\n<h4>Sabit Montaj Yap\u0131s\u0131<\/h4>\n<\/td>\n<td>\n<h4>&#8211;<\/h4>\n<\/td>\n<td>\n<h4>\u00a0 Set<\/h4>\n<\/td>\n<\/tr>\n<tr>\n<td>\n<h4>DC Kablolama<\/h4>\n<\/td>\n<td>\n<h4>30<\/h4>\n<\/td>\n<td>\n<h4>Metre<\/h4>\n<\/td>\n<\/tr>\n<tr>\n<td>\n<h4>Toplama Panosu<\/h4>\n<\/td>\n<td>\n<h4>\u00a01<\/h4>\n<\/td>\n<td>\n<h4>\u00a0 Set<\/h4>\n<\/td>\n<\/tr>\n<tr>\n<td>\n<h4>\u0130\u015f\u00e7ilik<\/h4>\n<\/td>\n<td>\n<h4>&#8211;<\/h4>\n<\/td>\n<td>\n<h4>\u00a0 Set<\/h4>\n<\/td>\n<\/tr>\n<tr>\n<td>\n<h4>AC Kablolama<\/h4>\n<\/td>\n<td>\n<h4>20<\/h4>\n<\/td>\n<td>\n<h4>Metre<\/h4>\n<\/td>\n<\/tr>\n<\/tbody>\n<\/table>\n<p>Dc \u00dcretim 5.4 kw<\/p>\n<p><b><span style=\"font-weight: 400;\">Not:\u00a0<\/span><\/b><b>Montaj ve Nakliye dahil de\u011fildir.<\/b><\/p>\n<p><strong style=\"font-weight: 400;\">Not:\u00a0<\/strong>\u00d6z t\u00fcketim y\u00f6ntemine uygundur. Elektrik sat\u0131\u015f\u0131 yap\u0131lmak isteniyorsa gerekli ba\u015fvurular ve yasal izinler i\u00e7in ayr\u0131ca dan\u0131\u015fmanl\u0131k \u00fccreti talep edilir. Yasal Ba\u015fvuru \u00fccreti, har\u00e7lar, vergiler ve tek hat \u015femas\u0131 gibi maliyetler Al\u0131c\u0131ya aittir.<\/p>\n<p><strong style=\"font-weight: 400;\">Not:\u00a0<\/strong>Bu sistemlerde Ak\u00fc\u00a0 bulunmaz.<\/p>\n<h3><strong style=\"font-weight: 400;\">5 kW Solar \u00c7at\u0131 G\u00fcne\u015f Enerjisi Elektrik \u00dcretim Sistemi i\u00e7in \u00c7at\u0131da Ka\u00e7 Metrekare Alan Gerekir?<\/strong><\/h3>\n<p>5 kw g\u00fcne\u015f enerjisi elektrik \u00fcretim sistemi\u00a0<u><a href=\"https:\/\/satis.powerenerji.com\/Gunes-Panelleri-Fiyatlari\">g\u00fcne\u015f panelleri<\/a><\/u>\u00a0i\u00e7in bina \u00e7at\u0131s\u0131nda\u00a0<u>g\u00fcney cepheli<\/u>\u00a0<strong style=\"font-weight: 400;\">30m2<\/strong>\u00a0\u00a0<strong style=\"font-weight: 400;\">alana<\/strong>\u00a0ihtiya\u00e7 vard\u0131r. \u00c7at\u0131 da\u00a0<u><a href=\"https:\/\/satis.powerenerji.com\/Gunes-Panelleri-Fiyatlari\">solar g\u00fcne\u015f panelleri<\/a><\/u>\u00a0kaplayaca\u011f\u0131 alan\u00a0<strong style=\"font-weight: 400;\">30m2<\/strong>\u00a0dir.<\/p>\n<p><strong style=\"font-weight: 400;\">5 kW G\u00fcne\u015f Enerjisi Solar \u00c7at\u0131 Elektrik \u00dcretim Sistemi Neleri \u00e7al\u0131\u015ft\u0131rabilir?<\/strong><\/p>\n<p><u>5 kw g\u00fcne\u015f enerjisi elektrik \u00fcretim sistemi<\/u>\u00a0ile\u00a0<u>bir evin elektrik ihtiyac\u0131<\/u>\u00a0i\u00e7in evde \u00e7ama\u015f\u0131r makinesi, bula\u015f\u0131k makinesi, ayd\u0131nlatma lambalar\u0131, televizyon, buzdolab\u0131, bilgisayar gibi\u00a0<u>elektrikli aletler<\/u>\u00a0\u00e7al\u0131\u015ft\u0131rabilirsiniz. Ayl\u0131k elektrik Faturas\u0131 t\u00fcketimi ortalama\u00a0<strong style=\"font-weight: 400;\">700 Kwh<\/strong>\u00a0kadar olan yerler i\u00e7in uygundur.<\/p>\n","protected":false},"featured_media":6168,"comment_status":"open","ping_status":"closed","template":"","meta":{"content-type":""},"product_cat":[88],"product_tag":[],"class_list":{"0":"post-1185","1":"product","2":"type-product","3":"status-publish","4":"has-post-thumbnail","6":"product_cat-solar-cati-sistemleri","8":"first","9":"instock","10":"sale","11":"shipping-taxable","12":"purchasable","13":"product-type-simple"},"_links":{"self":[{"href":"https:\/\/shop.organiksolar.com\/index.php?rest_route=\/wp\/v2\/product\/1185","targetHints":{"allow":["GET"]}}],"collection":[{"href":"https:\/\/shop.organiksolar.com\/index.php?rest_route=\/wp\/v2\/product"}],"about":[{"href":"https:\/\/shop.organiksolar.com\/index.php?rest_route=\/wp\/v2\/types\/product"}],"replies":[{"embeddable":true,"href":"https:\/\/shop.organiksolar.com\/index.php?rest_route=%2Fwp%2Fv2%2Fcomments&post=1185"}],"wp:featuredmedia":[{"embeddable":true,"href":"https:\/\/shop.organiksolar.com\/index.php?rest_route=\/wp\/v2\/media\/6168"}],"wp:attachment":[{"href":"https:\/\/shop.organiksolar.com\/index.php?rest_route=%2Fwp%2Fv2%2Fmedia&parent=1185"}],"wp:term":[{"taxonomy":"product_cat","embeddable":true,"href":"https:\/\/shop.organiksolar.com\/index.php?rest_route=%2Fwp%2Fv2%2Fproduct_cat&post=1185"},{"taxonomy":"product_tag","embeddable":true,"href":"https:\/\/shop.organiksolar.com\/index.php?rest_route=%2Fwp%2Fv2%2Fproduct_tag&post=1185"}],"curies":[{"name":"wp","href":"https:\/\/api.w.org\/{rel}","templated":true}]}}