{"id":5281,"date":"2023-03-14T14:39:05","date_gmt":"2023-03-14T11:39:05","guid":{"rendered":"https:\/\/shop.organiksolar.com\/?post_type=product&#038;p=5281"},"modified":"2023-03-30T16:06:38","modified_gmt":"2023-03-30T13:06:38","slug":"12v-205-w-lexron-monokristal-gunes-paneli","status":"publish","type":"product","link":"https:\/\/shop.organiksolar.com\/?product=12v-205-w-lexron-monokristal-gunes-paneli","title":{"rendered":"205\u00a0W Lexron\u00a0 Monokristal\u00a0G\u00fcne\u015f Paneli"},"content":{"rendered":"","protected":false},"excerpt":{"rendered":"<h3>12V 205\u00a0W Lexron\u00a0 Monokristal\u00a0G\u00fcne\u015f Paneli<\/h3>\n<p>&nbsp;<\/p>\n<table cellspacing=\"0\" cellpadding=\"0\">\n<tbody>\n<tr>\n<td>\n<table border=\"0\" width=\"400\" cellspacing=\"0\" cellpadding=\"0\">\n<colgroup>\n<col width=\"204\" \/>\n<col width=\"14\" \/>\n<col width=\"182\" \/><\/colgroup>\n<tbody>\n<tr>\n<td width=\"204\" height=\"20\">\u00dcr\u00fcn Tan\u0131m\u0131<\/td>\n<td width=\"14\"><\/td>\n<td width=\"182\"><\/td>\n<\/tr>\n<tr>\n<td width=\"204\" height=\"20\">\u00dcr\u00fcn Kodu<\/td>\n<td width=\"14\">:<\/td>\n<td width=\"182\">LXR-205M<\/td>\n<\/tr>\n<tr>\n<td width=\"204\" height=\"20\">Marka<\/td>\n<td width=\"14\">:<\/td>\n<td width=\"182\">LEXRON<\/td>\n<\/tr>\n<tr>\n<td width=\"204\" height=\"20\">Sertifikalar<\/td>\n<td width=\"14\">:<\/td>\n<td width=\"182\">CE, IEC<\/td>\n<\/tr>\n<tr>\n<td width=\"204\" height=\"20\">Elektriksel \u00d6zellikler<\/td>\n<td width=\"14\"><\/td>\n<td width=\"182\"><\/td>\n<\/tr>\n<tr>\n<td width=\"204\" height=\"20\">G\u00fc\u00e7<\/td>\n<td width=\"14\">:<\/td>\n<td width=\"182\">205W<\/td>\n<\/tr>\n<tr>\n<td width=\"204\" height=\"20\">H\u00fccre Say\u0131s\u0131<\/td>\n<td width=\"14\">:<\/td>\n<td width=\"182\">36<\/td>\n<\/tr>\n<tr>\n<td width=\"204\" height=\"20\">A\u00e7\u0131k Devre Voltaj\u0131 (Voc)<\/td>\n<td width=\"14\">:<\/td>\n<td>23,80V<\/td>\n<\/tr>\n<tr>\n<td width=\"204\" height=\"20\">Maks. Voltaj (Vmp)<\/td>\n<td width=\"14\">:<\/td>\n<td>20,70V<\/td>\n<\/tr>\n<tr>\n<td width=\"204\" height=\"20\">K\u0131sa Devre Ak\u0131m\u0131 (Isc)<\/td>\n<td width=\"14\">:<\/td>\n<td>9,99A<\/td>\n<\/tr>\n<tr>\n<td width=\"204\" height=\"20\">Maks. Ak\u0131m (Imp)<\/td>\n<td width=\"14\">:<\/td>\n<td>9.79A<\/td>\n<\/tr>\n<tr>\n<td width=\"204\" height=\"20\">Maks. Sistem Voltaj\u0131<\/td>\n<td width=\"14\">:<\/td>\n<td>1000V<\/td>\n<\/tr>\n<tr>\n<td height=\"20\">Mekanik \u00d6zellikler<\/td>\n<td><\/td>\n<td width=\"182\"><\/td>\n<\/tr>\n<tr>\n<td width=\"204\" height=\"20\">Mod\u00fcl \u00d6l\u00e7\u00fcleri (mm)<\/td>\n<td width=\"14\">:<\/td>\n<td>1510*680*30<\/td>\n<\/tr>\n<tr>\n<td width=\"204\" height=\"20\">A\u011f\u0131rl\u0131k<\/td>\n<td width=\"14\">:<\/td>\n<td width=\"182\">11,9kg<\/td>\n<\/tr>\n<tr>\n<td colspan=\"3\" height=\"20\">Standart Test Ko\u015fullar\u0131: Am=1.5 E=1000W\/m2 Tc=25\u2103<\/td>\n<\/tr>\n<\/tbody>\n<\/table>\n<\/td>\n<\/tr>\n<\/tbody>\n<\/table>\n","protected":false},"featured_media":6163,"comment_status":"open","ping_status":"closed","template":"","meta":{"content-type":""},"product_cat":[100],"product_tag":[],"class_list":{"0":"post-5281","1":"product","2":"type-product","3":"status-publish","4":"has-post-thumbnail","6":"product_cat-monokristal-gunes-panelleri","8":"first","9":"instock","10":"sale","11":"shipping-taxable","12":"purchasable","13":"product-type-simple"},"_links":{"self":[{"href":"https:\/\/shop.organiksolar.com\/index.php?rest_route=\/wp\/v2\/product\/5281","targetHints":{"allow":["GET"]}}],"collection":[{"href":"https:\/\/shop.organiksolar.com\/index.php?rest_route=\/wp\/v2\/product"}],"about":[{"href":"https:\/\/shop.organiksolar.com\/index.php?rest_route=\/wp\/v2\/types\/product"}],"replies":[{"embeddable":true,"href":"https:\/\/shop.organiksolar.com\/index.php?rest_route=%2Fwp%2Fv2%2Fcomments&post=5281"}],"wp:featuredmedia":[{"embeddable":true,"href":"https:\/\/shop.organiksolar.com\/index.php?rest_route=\/wp\/v2\/media\/6163"}],"wp:attachment":[{"href":"https:\/\/shop.organiksolar.com\/index.php?rest_route=%2Fwp%2Fv2%2Fmedia&parent=5281"}],"wp:term":[{"taxonomy":"product_cat","embeddable":true,"href":"https:\/\/shop.organiksolar.com\/index.php?rest_route=%2Fwp%2Fv2%2Fproduct_cat&post=5281"},{"taxonomy":"product_tag","embeddable":true,"href":"https:\/\/shop.organiksolar.com\/index.php?rest_route=%2Fwp%2Fv2%2Fproduct_tag&post=5281"}],"curies":[{"name":"wp","href":"https:\/\/api.w.org\/{rel}","templated":true}]}}