{"id":6099,"date":"2023-03-27T15:17:17","date_gmt":"2023-03-27T12:17:17","guid":{"rendered":"https:\/\/shop.organiksolar.com\/?post_type=product&#038;p=6099"},"modified":"2023-03-27T15:17:18","modified_gmt":"2023-03-27T12:17:18","slug":"10-hp-beygir-pompa-gunes-enerjili-tarimsal-sulama-sistemi","status":"publish","type":"product","link":"https:\/\/shop.organiksolar.com\/?product=10-hp-beygir-pompa-gunes-enerjili-tarimsal-sulama-sistemi","title":{"rendered":"10 HP (BEYG\u0130R) POMPA G\u00dcNE\u015e ENERJ\u0130L\u0130 TARIMSAL SULAMA S\u0130STEM\u0130"},"content":{"rendered":"","protected":false},"excerpt":{"rendered":"<ul>\n<li><b>\u00b7\u00a0\u00a0\u00a0\u00a0\u00a0\u00a0\u00a0\u00a0\u00a028 Adet\u00a0 \u00a0&#8211;\u00a0\u00a0455 Watt Lexron Half Cut Monokristal G\u00fcne\u015f Paneli (En Verimli Panel)<br \/>\n<\/b><\/li>\n<li><b>\u00b7\u00a0\u00a0\u00a0\u00a0\u00a0\u00a0\u00a0\u00a0\u00a01 Adet\u00a0 \u00a0 \u00a0&#8211;\u00a0 10 HP Trifaze Smart \/ Solinved \/ Tescom \/ Frecon Solar S\u00fcr\u00fcc\u00fc \u0130nverteri<br \/>\n<\/b><\/li>\n<li><b>\u00b7\u00a0\u00a0\u00a0\u00a0\u00a0\u00a0\u00a0\u00a0\u00a01 Adet\u00a0 \u00a0 \u00a0&#8211;\u00a0 Kontrol Panosu<\/b><\/li>\n<li><b>\u00b7\u00a0 \u00a0 \u00a0 \u00a0 20\u00a0Metre\u00a0 &#8211; \u00a0K\u0131rm\u0131z\u0131 Solar Kablo 4 mm<br \/>\n<\/b><\/li>\n<li><b>\u00b7\u00a0 \u00a0 \u00a0 \u00a0 \u00a020 Metre\u00a0 &#8211;\u00a0 Siyah Solar Kablo 4 mm<br \/>\n<\/b><\/li>\n<li><b>\u00b7\u00a0\u00a0\u00a0\u00a0\u00a0\u00a0\u00a0\u00a0\u00a01 Tak\u0131m\u00a0 \u00a0&#8211;\u00a0 Solar Ba\u011flant\u0131 Konnekt\u00f6rleri<\/b><\/li>\n<\/ul>\n<ul>\n<li>Pompa Beygir G\u00fcc\u00fc: 10 hp<\/li>\n<\/ul>\n<ul>\n<li>Pompa G\u00fcc\u00fc: 7,5 kW<\/li>\n<\/ul>\n<ul>\n<li>\u00c7al\u0131\u015fma Voltaj\u0131: 380 Trifaze<\/li>\n<\/ul>\n<p>Sulama paketine montaj sistemi ve montaj\u00a0\u00a0<b>dahil de\u011fildir<\/b>.\u00a0\u00a0Belirtilen fiyat sadece\u00a0<b>yukar\u0131da belirtilen \u00fcr\u00fcnlerin<\/b>\u00a0maliyetidir.<\/p>\n<p><u>Montaj \u0130\u00e7in<\/u><\/p>\n<p>&#8211; G\u00fcne\u015f Panel Sehpa Demirleri (Konstr\u00fcksiyon)<\/p>\n<p>&#8211; Montaj Aparatlar\u0131<\/p>\n<p>&#8211; Ula\u015f\u0131m &#8211; Nakliye<\/p>\n<p>&#8211; Kurulum<\/p>\n<p>Ayr\u0131ca fiyatland\u0131r\u0131lmaktad\u0131r.<\/p>\n","protected":false},"featured_media":6004,"comment_status":"open","ping_status":"closed","template":"","meta":{"content-type":""},"product_cat":[89],"product_tag":[],"class_list":{"0":"post-6099","1":"product","2":"type-product","3":"status-publish","4":"has-post-thumbnail","6":"product_cat-solar-sulama-sistemleri","8":"first","9":"instock","10":"sale","11":"shipping-taxable","12":"purchasable","13":"product-type-simple"},"_links":{"self":[{"href":"https:\/\/shop.organiksolar.com\/index.php?rest_route=\/wp\/v2\/product\/6099","targetHints":{"allow":["GET"]}}],"collection":[{"href":"https:\/\/shop.organiksolar.com\/index.php?rest_route=\/wp\/v2\/product"}],"about":[{"href":"https:\/\/shop.organiksolar.com\/index.php?rest_route=\/wp\/v2\/types\/product"}],"replies":[{"embeddable":true,"href":"https:\/\/shop.organiksolar.com\/index.php?rest_route=%2Fwp%2Fv2%2Fcomments&post=6099"}],"wp:featuredmedia":[{"embeddable":true,"href":"https:\/\/shop.organiksolar.com\/index.php?rest_route=\/wp\/v2\/media\/6004"}],"wp:attachment":[{"href":"https:\/\/shop.organiksolar.com\/index.php?rest_route=%2Fwp%2Fv2%2Fmedia&parent=6099"}],"wp:term":[{"taxonomy":"product_cat","embeddable":true,"href":"https:\/\/shop.organiksolar.com\/index.php?rest_route=%2Fwp%2Fv2%2Fproduct_cat&post=6099"},{"taxonomy":"product_tag","embeddable":true,"href":"https:\/\/shop.organiksolar.com\/index.php?rest_route=%2Fwp%2Fv2%2Fproduct_tag&post=6099"}],"curies":[{"name":"wp","href":"https:\/\/api.w.org\/{rel}","templated":true}]}}