{"id":6104,"date":"2023-03-27T15:28:08","date_gmt":"2023-03-27T12:28:08","guid":{"rendered":"https:\/\/shop.organiksolar.com\/?post_type=product&#038;p=6104"},"modified":"2023-03-27T15:28:08","modified_gmt":"2023-03-27T12:28:08","slug":"410-watt-205watt-x-2-adet-monokristal-panel-enerji-sistemi","status":"publish","type":"product","link":"https:\/\/shop.organiksolar.com\/?product=410-watt-205watt-x-2-adet-monokristal-panel-enerji-sistemi","title":{"rendered":"410 WATT (205WATT X 2 ADET) MONOKR\u0130STAL PANEL ENERJ\u0130 S\u0130STEM\u0130"},"content":{"rendered":"","protected":false},"excerpt":{"rendered":"<ul>\n<li class=\"first\">\n<table class=\"_borderNone wpe100\" cellspacing=\"0\" cellpadding=\"0\">\n<tbody>\n<tr>\n<td>\n<table border=\"0\" width=\"407\" cellspacing=\"0\" cellpadding=\"0\">\n<tbody>\n<tr>\n<td class=\"xl67\" height=\"33\">\u00a0Paket \u0130\u00e7eri\u011fi:<\/td>\n<td class=\"xl68\" width=\"11\"><\/td>\n<td><\/td>\n<\/tr>\n<tr>\n<td class=\"xl69\" width=\"266\" height=\"21\">\n<h5>\u00a0205 Watt Monokristal Lexron G\u00fcne\u015f Paneli<\/h5>\n<\/td>\n<td class=\"xl70\" width=\"11\">\n<h5>\u00a0:<\/h5>\n<\/td>\n<td class=\"xl65\">\n<h5>\u00a02 adet<\/h5>\n<\/td>\n<\/tr>\n<tr>\n<td class=\"xl69\" width=\"266\" height=\"21\">\n<h5>\u00a0100 Ah\u00a0 Lexron\u00a0\u00a0Jel Ak\u00fc\u00a0 1500 cycle<\/h5>\n<\/td>\n<td class=\"xl70\" width=\"11\">\n<h5>\u00a0:<\/h5>\n<\/td>\n<td class=\"xl65\">\n<h5>\u00a02 adet<\/h5>\n<\/td>\n<\/tr>\n<tr>\n<td class=\"xl69\" width=\"266\" height=\"21\">\n<h5>\u00a01Kva Lexron Smart Tam Sinus \u0130nverter\u00a0(12V)<\/h5>\n<\/td>\n<td class=\"xl70\" width=\"11\">\n<h5>\u00a0:<\/h5>\n<\/td>\n<td class=\"xl65\">\n<h5>\u00a01 Adet<\/h5>\n<\/td>\n<\/tr>\n<tr>\n<td class=\"xl69\" width=\"266\" height=\"21\">\n<h5>\u00a020 Amper MPPT \u015earj Kontrol Cihaz\u0131<\/h5>\n<\/td>\n<td class=\"xl70\" width=\"11\">\n<h5>\u00a0:<\/h5>\n<\/td>\n<td class=\"xl65\">\n<h5>\u00a01 Adet<\/h5>\n<\/td>\n<\/tr>\n<tr>\n<td class=\"xl69\" width=\"266\" height=\"21\">\n<h5>\u00a014mt Solar Kablo+2l\u00fc Branch+MC4<\/h5>\n<\/td>\n<td class=\"xl70\" width=\"11\"><\/td>\n<td class=\"xl65\"><\/td>\n<\/tr>\n<\/tbody>\n<\/table>\n<h3><\/h3>\n<h5><\/h5>\n<\/td>\n<\/tr>\n<\/tbody>\n<\/table>\n<div class=\"s10\"><\/div>\n<table class=\"pT10 _borderNone wpe100\" cellspacing=\"0\" cellpadding=\"0\">\n<tbody>\n<tr>\n<td>\n<div class=\"_floatLeft\"><\/div>\n<\/td>\n<\/tr>\n<\/tbody>\n<\/table>\n<\/li>\n<\/ul>\n<h4>Paket neleri \u00c7al\u0131\u015ft\u0131r\u0131r?<\/h4>\n<ul>\n<li class=\"first\">\n<table class=\"_borderNone wpe100\" cellspacing=\"0\" cellpadding=\"0\">\n<tbody>\n<tr>\n<td>\n<div class=\"ProductDetail\">\n<h4><\/h4>\n<h4><\/h4>\n<table border=\"0\" width=\"407\" cellspacing=\"0\" cellpadding=\"0\">\n<colgroup>\n<col width=\"266\" \/>\n<col width=\"11\" \/>\n<col width=\"130\" \/><\/colgroup>\n<tbody>\n<tr>\n<td class=\"xl67\" width=\"266\" height=\"33\">\n<h4>\u00a0\u00c7ALI\u015eTIRAB\u0130LECE\u011e\u0130N\u0130Z C\u0130HAZLAR<\/h4>\n<\/td>\n<td class=\"xl68\" width=\"11\"><\/td>\n<td width=\"130\"><\/td>\n<\/tr>\n<tr>\n<td class=\"xl69\" width=\"266\" height=\"21\">\n<h5>\u00a03 ADET LED AMP\u00dcL (7W)<\/h5>\n<\/td>\n<td class=\"xl70\" width=\"11\">\n<h5>\u00a0:<\/h5>\n<\/td>\n<td class=\"xl65\">\n<h5>\u00a0G\u00dcNDE 8 SAAT<\/h5>\n<\/td>\n<\/tr>\n<tr>\n<td class=\"xl69\" width=\"266\" height=\"21\">\n<h5>\u00a01 ADET M\u0130N\u0130 BUZDOLABI (A+)<\/h5>\n<\/td>\n<td class=\"xl70\" width=\"11\">\n<h5>\u00a0:<\/h5>\n<\/td>\n<td class=\"xl65\">\n<h5>\u00a0G\u00dcNDE 24 SAAT<\/h5>\n<\/td>\n<\/tr>\n<tr>\n<td class=\"xl69\" width=\"266\" height=\"21\">\n<h5>\u00a01 ADET LED TV<\/h5>\n<\/td>\n<td class=\"xl70\" width=\"11\">\n<h5>\u00a0:<\/h5>\n<\/td>\n<td class=\"xl65\">\n<h5>\u00a0G\u00dcNDE 8 SAAT<\/h5>\n<\/td>\n<\/tr>\n<tr>\n<td class=\"xl69\" width=\"266\" height=\"21\">\n<h5>\u00a01 ADET UYDU C\u0130HAZI<\/h5>\n<\/td>\n<td class=\"xl70\" width=\"11\">\n<h5>\u00a0:<\/h5>\n<\/td>\n<td class=\"xl65\">\n<h5>\u00a0G\u00dcNDE 8 SAAT<\/h5>\n<\/td>\n<\/tr>\n<tr>\n<td class=\"xl69\" width=\"266\" height=\"21\">\n<h5>\u00a0CEP TELEFONU \u015eARJI<\/h5>\n<\/td>\n<td class=\"xl70\" width=\"11\">\n<h5>\u00a0:<\/h5>\n<\/td>\n<td class=\"xl65\">\n<h5>\u00a0SINIRSIZ<\/h5>\n<\/td>\n<\/tr>\n<\/tbody>\n<\/table>\n<\/div>\n<\/td>\n<\/tr>\n<\/tbody>\n<\/table>\n<\/li>\n<\/ul>\n","protected":false},"featured_media":5948,"comment_status":"open","ping_status":"closed","template":"","meta":{"content-type":""},"product_cat":[92],"product_tag":[188,189,187],"class_list":{"0":"post-6104","1":"product","2":"type-product","3":"status-publish","4":"has-post-thumbnail","6":"product_cat-solar-karavan-sistemleri","7":"product_tag-gunes-enerjili-karavan","8":"product_tag-karavan-sistemleri","9":"product_tag-solar-karavan","11":"first","12":"instock","13":"sale","14":"shipping-taxable","15":"purchasable","16":"product-type-simple"},"_links":{"self":[{"href":"https:\/\/shop.organiksolar.com\/index.php?rest_route=\/wp\/v2\/product\/6104","targetHints":{"allow":["GET"]}}],"collection":[{"href":"https:\/\/shop.organiksolar.com\/index.php?rest_route=\/wp\/v2\/product"}],"about":[{"href":"https:\/\/shop.organiksolar.com\/index.php?rest_route=\/wp\/v2\/types\/product"}],"replies":[{"embeddable":true,"href":"https:\/\/shop.organiksolar.com\/index.php?rest_route=%2Fwp%2Fv2%2Fcomments&post=6104"}],"wp:featuredmedia":[{"embeddable":true,"href":"https:\/\/shop.organiksolar.com\/index.php?rest_route=\/wp\/v2\/media\/5948"}],"wp:attachment":[{"href":"https:\/\/shop.organiksolar.com\/index.php?rest_route=%2Fwp%2Fv2%2Fmedia&parent=6104"}],"wp:term":[{"taxonomy":"product_cat","embeddable":true,"href":"https:\/\/shop.organiksolar.com\/index.php?rest_route=%2Fwp%2Fv2%2Fproduct_cat&post=6104"},{"taxonomy":"product_tag","embeddable":true,"href":"https:\/\/shop.organiksolar.com\/index.php?rest_route=%2Fwp%2Fv2%2Fproduct_tag&post=6104"}],"curies":[{"name":"wp","href":"https:\/\/api.w.org\/{rel}","templated":true}]}}