{"id":6106,"date":"2023-03-27T15:32:06","date_gmt":"2023-03-27T12:32:06","guid":{"rendered":"https:\/\/shop.organiksolar.com\/?post_type=product&#038;p=6106"},"modified":"2023-03-27T15:40:23","modified_gmt":"2023-03-27T12:40:23","slug":"karavanlar-icin-gunes-paneli-seti","status":"publish","type":"product","link":"https:\/\/shop.organiksolar.com\/?product=karavanlar-icin-gunes-paneli-seti","title":{"rendered":"KARAVANLAR \u0130\u00c7\u0130N G\u00dcNE\u015e PANEL\u0130 SET\u0130-660 Watt  Solar Enerji"},"content":{"rendered":"","protected":false},"excerpt":{"rendered":"<p><u>Paket Nelerden Olu\u015fur?<\/u><\/p>\n<h3>&#8211; 2 Adet 340 Watt Perc Monokristal G\u00fcne\u015f Paneli &#8211; ( Ebat 165 cm x 100 cm )<br \/>\n&#8211; 2 Adet 150 Ah Lexron Jel Ak\u00fc -1500 cycle (G\u00fcney Kore )<br \/>\n&#8211; 3 Kva Lexron &#8211; Smart Tam Sinus Ak\u0131ll\u0131 \u0130nverter 24v<br \/>\n&#8211; 30 Amper MPPT \u015earj Kontrol Cihaz\u0131<br \/>\n&#8211; 14 Metre Solar Kablo ( 7 Metre K\u0131rm\u0131z\u0131, 7 Metre Siyah )<br \/>\n&#8211; 2 Li Konnect\u00f6r Seti<br \/>\n&#8211; Tekli Konnect\u00f6r Seti<\/h3>\n<ul>\n<li class=\"first\">\n<table class=\"_borderNone wpe100\" cellspacing=\"0\" cellpadding=\"0\">\n<tbody>\n<tr>\n<td><span data-selector=\"product-tab-content\"><br \/>\n<\/span><\/p>\n<ul>\n<li class=\"first\"><u>Neleri \u00c7al\u0131\u015ft\u0131rabilirsiniz ?<\/u><\/li>\n<li class=\"first\"><u>\u00a0<\/u><\/li>\n<\/ul>\n<ul>\n<li class=\"first\">&#8211; 5 Adet Ayd\u0131nlatma Lambalar\u0131<\/li>\n<\/ul>\n<ul>\n<li class=\"first\">&#8211; Led Televizyon<\/li>\n<\/ul>\n<ul>\n<li class=\"first\">&#8211; Orta Boy Buzdolab\u0131 ( A++) 24 Saat<\/li>\n<\/ul>\n<ul>\n<li class=\"first\">&#8211; Bilgisayar \u015earj\u0131<\/li>\n<\/ul>\n<ul>\n<li class=\"first\">&#8211; Telefon \u015earj\u0131<\/li>\n<\/ul>\n<\/td>\n<\/tr>\n<\/tbody>\n<\/table>\n<\/li>\n<\/ul>\n","protected":false},"featured_media":5948,"comment_status":"open","ping_status":"closed","template":"","meta":{"content-type":""},"product_cat":[92],"product_tag":[188,187,190],"class_list":{"0":"post-6106","1":"product","2":"type-product","3":"status-publish","4":"has-post-thumbnail","6":"product_cat-solar-karavan-sistemleri","7":"product_tag-gunes-enerjili-karavan","8":"product_tag-solar-karavan","9":"product_tag-solar-karavan-sistemleri","11":"first","12":"instock","13":"sale","14":"shipping-taxable","15":"purchasable","16":"product-type-simple"},"_links":{"self":[{"href":"https:\/\/shop.organiksolar.com\/index.php?rest_route=\/wp\/v2\/product\/6106","targetHints":{"allow":["GET"]}}],"collection":[{"href":"https:\/\/shop.organiksolar.com\/index.php?rest_route=\/wp\/v2\/product"}],"about":[{"href":"https:\/\/shop.organiksolar.com\/index.php?rest_route=\/wp\/v2\/types\/product"}],"replies":[{"embeddable":true,"href":"https:\/\/shop.organiksolar.com\/index.php?rest_route=%2Fwp%2Fv2%2Fcomments&post=6106"}],"wp:featuredmedia":[{"embeddable":true,"href":"https:\/\/shop.organiksolar.com\/index.php?rest_route=\/wp\/v2\/media\/5948"}],"wp:attachment":[{"href":"https:\/\/shop.organiksolar.com\/index.php?rest_route=%2Fwp%2Fv2%2Fmedia&parent=6106"}],"wp:term":[{"taxonomy":"product_cat","embeddable":true,"href":"https:\/\/shop.organiksolar.com\/index.php?rest_route=%2Fwp%2Fv2%2Fproduct_cat&post=6106"},{"taxonomy":"product_tag","embeddable":true,"href":"https:\/\/shop.organiksolar.com\/index.php?rest_route=%2Fwp%2Fv2%2Fproduct_tag&post=6106"}],"curies":[{"name":"wp","href":"https:\/\/api.w.org\/{rel}","templated":true}]}}