{"id":6114,"date":"2023-03-27T15:51:17","date_gmt":"2023-03-27T12:51:17","guid":{"rendered":"https:\/\/shop.organiksolar.com\/?post_type=product&#038;p=6114"},"modified":"2023-03-30T16:22:23","modified_gmt":"2023-03-30T13:22:23","slug":"340-watt-perc-monokristal-yuksek-verimli-gunes-paneli","status":"publish","type":"product","link":"https:\/\/shop.organiksolar.com\/?product=340-watt-perc-monokristal-yuksek-verimli-gunes-paneli","title":{"rendered":"340 WATT PERC MONOKR\u0130STAL (Y\u00dcKSEK VER\u0130ML\u0130) G\u00dcNE\u015e PANEL\u0130"},"content":{"rendered":"","protected":false},"excerpt":{"rendered":"<table border=\"0\" width=\"400\" cellspacing=\"0\" cellpadding=\"0\">\n<tbody>\n<tr>\n<td class=\"xl66\" width=\"204\" height=\"20\">\u00dcr\u00fcn Kodu<\/td>\n<td class=\"xl66\" width=\"14\">:<\/td>\n<td class=\"xl66\" width=\"182\">LXR-340M<\/td>\n<\/tr>\n<tr>\n<td class=\"xl66\" width=\"204\" height=\"20\">Marka<\/td>\n<td class=\"xl66\" width=\"14\">:<\/td>\n<td class=\"xl66\" width=\"182\">LEXRON<\/td>\n<\/tr>\n<tr>\n<td class=\"xl67\" width=\"204\" height=\"20\">Sertifikalar<\/td>\n<td class=\"xl67\" width=\"14\">:<\/td>\n<td class=\"xl67\" width=\"182\">CE, IEC<\/td>\n<\/tr>\n<tr>\n<td class=\"xl66\" width=\"204\" height=\"20\">Elektriksel \u00d6zellikler<\/td>\n<td class=\"xl66\" width=\"14\"><\/td>\n<td class=\"xl66\" width=\"182\"><\/td>\n<\/tr>\n<tr>\n<td class=\"xl67\" width=\"204\" height=\"20\">G\u00fc\u00e7<\/td>\n<td class=\"xl67\" width=\"14\">:<\/td>\n<td class=\"xl67\" width=\"182\">340W<\/td>\n<\/tr>\n<tr>\n<td class=\"xl67\" width=\"204\" height=\"20\">H\u00fccre Say\u0131s\u0131<\/td>\n<td class=\"xl67\" width=\"14\">:<\/td>\n<td class=\"xl67\" width=\"182\">60<\/td>\n<\/tr>\n<tr>\n<td class=\"xl67\" width=\"204\" height=\"20\">A\u00e7\u0131k Devre Voltaj\u0131 (Voc)<\/td>\n<td class=\"xl67\" width=\"14\">:<\/td>\n<td class=\"xl65\">39,68V<\/td>\n<\/tr>\n<tr>\n<td class=\"xl67\" width=\"204\" height=\"20\">Maks. Voltaj (Vmp)<\/td>\n<td class=\"xl67\" width=\"14\">:<\/td>\n<td class=\"xl65\">34,50V<\/td>\n<\/tr>\n<tr>\n<td class=\"xl67\" width=\"204\" height=\"20\">K\u0131sa Devre Ak\u0131m\u0131 (Isc)<\/td>\n<td class=\"xl67\" width=\"14\">:<\/td>\n<td class=\"xl65\">9.99A<\/td>\n<\/tr>\n<tr>\n<td class=\"xl67\" width=\"204\" height=\"20\">Maks. Ak\u0131m (Imp)<\/td>\n<td class=\"xl67\" width=\"14\">:<\/td>\n<td class=\"xl65\">9,85A<\/td>\n<\/tr>\n<tr>\n<td class=\"xl67\" width=\"204\" height=\"20\">Maks. Sistem Voltaj\u0131<\/td>\n<td class=\"xl67\" width=\"14\">:<\/td>\n<td class=\"xl65\">1000V<\/td>\n<\/tr>\n<tr>\n<td class=\"xl68\" height=\"20\">Mekanik \u00d6zellikler<\/td>\n<td class=\"xl68\"><\/td>\n<td class=\"xl66\" width=\"182\"><\/td>\n<\/tr>\n<tr>\n<td class=\"xl67\" width=\"204\" height=\"20\">Mod\u00fcl \u00d6l\u00e7\u00fcleri (mm)<\/td>\n<td class=\"xl67\" width=\"14\">:<\/td>\n<td class=\"xl69\">1660*1001*35<\/td>\n<\/tr>\n<tr>\n<td class=\"xl67\" width=\"204\" height=\"20\">A\u011f\u0131rl\u0131k<\/td>\n<td class=\"xl67\" width=\"14\">:<\/td>\n<td class=\"xl67\" width=\"182\">19kg<\/td>\n<\/tr>\n<tr>\n<td class=\"xl71\" colspan=\"3\" height=\"20\">Standart Test Ko\u015fullar\u0131: Am=1.5 E=1000W\/m2 Tc=25\u2103<\/td>\n<\/tr>\n<\/tbody>\n<\/table>\n","protected":false},"featured_media":6163,"comment_status":"open","ping_status":"closed","template":"","meta":{"content-type":""},"product_cat":[100],"product_tag":[118,193,192,117],"class_list":{"0":"post-6114","1":"product","2":"type-product","3":"status-publish","4":"has-post-thumbnail","6":"product_cat-monokristal-gunes-panelleri","7":"product_tag-gunes-paneli","8":"product_tag-mono","9":"product_tag-monocristal-gunes-paneli","10":"product_tag-solar-panel","12":"first","13":"instock","14":"sale","15":"shipping-taxable","16":"purchasable","17":"product-type-simple"},"_links":{"self":[{"href":"https:\/\/shop.organiksolar.com\/index.php?rest_route=\/wp\/v2\/product\/6114","targetHints":{"allow":["GET"]}}],"collection":[{"href":"https:\/\/shop.organiksolar.com\/index.php?rest_route=\/wp\/v2\/product"}],"about":[{"href":"https:\/\/shop.organiksolar.com\/index.php?rest_route=\/wp\/v2\/types\/product"}],"replies":[{"embeddable":true,"href":"https:\/\/shop.organiksolar.com\/index.php?rest_route=%2Fwp%2Fv2%2Fcomments&post=6114"}],"wp:featuredmedia":[{"embeddable":true,"href":"https:\/\/shop.organiksolar.com\/index.php?rest_route=\/wp\/v2\/media\/6163"}],"wp:attachment":[{"href":"https:\/\/shop.organiksolar.com\/index.php?rest_route=%2Fwp%2Fv2%2Fmedia&parent=6114"}],"wp:term":[{"taxonomy":"product_cat","embeddable":true,"href":"https:\/\/shop.organiksolar.com\/index.php?rest_route=%2Fwp%2Fv2%2Fproduct_cat&post=6114"},{"taxonomy":"product_tag","embeddable":true,"href":"https:\/\/shop.organiksolar.com\/index.php?rest_route=%2Fwp%2Fv2%2Fproduct_tag&post=6114"}],"curies":[{"name":"wp","href":"https:\/\/api.w.org\/{rel}","templated":true}]}}