{"id":6116,"date":"2023-03-27T15:54:20","date_gmt":"2023-03-27T12:54:20","guid":{"rendered":"https:\/\/shop.organiksolar.com\/?post_type=product&#038;p=6116"},"modified":"2023-03-30T16:34:16","modified_gmt":"2023-03-30T13:34:16","slug":"50-watt-perc-monokristal-yuksek-verimli-gunes-paneli","status":"publish","type":"product","link":"https:\/\/shop.organiksolar.com\/?product=50-watt-perc-monokristal-yuksek-verimli-gunes-paneli","title":{"rendered":"50 WATT PERC MONOKR\u0130STAL (Y\u00dcKSEK VER\u0130ML\u0130) G\u00dcNE\u015e PANEL\u0130"},"content":{"rendered":"","protected":false},"excerpt":{"rendered":"<table border=\"0\" width=\"400\" cellspacing=\"0\" cellpadding=\"0\">\n<tbody>\n<tr>\n<td class=\"xl66\" width=\"204\" height=\"20\">\u00dcr\u00fcn Kodu<\/td>\n<td class=\"xl66\" width=\"14\">:<\/td>\n<td class=\"xl66\" width=\"182\">LXR-50M<\/td>\n<\/tr>\n<tr>\n<td class=\"xl66\" width=\"204\" height=\"20\">Marka<\/td>\n<td class=\"xl66\" width=\"14\">:<\/td>\n<td class=\"xl66\" width=\"182\">LEXRON<\/td>\n<\/tr>\n<tr>\n<td class=\"xl67\" width=\"204\" height=\"20\">Sertifikalar<\/td>\n<td class=\"xl67\" width=\"14\">:<\/td>\n<td class=\"xl67\" width=\"182\">CE, IEC<\/td>\n<\/tr>\n<tr>\n<td class=\"xl66\" width=\"204\" height=\"20\">Elektriksel \u00d6zellikler<\/td>\n<td class=\"xl66\" width=\"14\"><\/td>\n<td class=\"xl66\" width=\"182\"><\/td>\n<\/tr>\n<tr>\n<td class=\"xl67\" width=\"204\" height=\"20\">G\u00fc\u00e7<\/td>\n<td class=\"xl67\" width=\"14\">:<\/td>\n<td class=\"xl67\" width=\"182\">50W<\/td>\n<\/tr>\n<tr>\n<td class=\"xl67\" width=\"204\" height=\"20\">H\u00fccre Say\u0131s\u0131<\/td>\n<td class=\"xl67\" width=\"14\">:<\/td>\n<td class=\"xl67\" width=\"182\">36<\/td>\n<\/tr>\n<tr>\n<td class=\"xl67\" width=\"204\" height=\"20\">A\u00e7\u0131k Devre Voltaj\u0131 (Voc)<\/td>\n<td class=\"xl67\" width=\"14\">:<\/td>\n<td class=\"xl65\">23,80V<\/td>\n<\/tr>\n<tr>\n<td class=\"xl67\" width=\"204\" height=\"20\">Maks. Voltaj (Vmp)<\/td>\n<td class=\"xl67\" width=\"14\">:<\/td>\n<td class=\"xl65\">20,7V<\/td>\n<\/tr>\n<tr>\n<td class=\"xl67\" width=\"204\" height=\"20\">K\u0131sa Devre Ak\u0131m\u0131 (Isc)<\/td>\n<td class=\"xl67\" width=\"14\">:<\/td>\n<td class=\"xl65\">2.54A<\/td>\n<\/tr>\n<tr>\n<td class=\"xl67\" width=\"204\" height=\"20\">Maks. Ak\u0131m (Imp)<\/td>\n<td class=\"xl67\" width=\"14\">:<\/td>\n<td class=\"xl65\">2.50A<\/td>\n<\/tr>\n<tr>\n<td class=\"xl67\" width=\"204\" height=\"20\">Maks. Sistem Voltaj\u0131<\/td>\n<td class=\"xl67\" width=\"14\">:<\/td>\n<td class=\"xl65\">1000V<\/td>\n<\/tr>\n<tr>\n<td class=\"xl68\" height=\"20\">Mekanik \u00d6zellikler<\/td>\n<td class=\"xl68\"><\/td>\n<td class=\"xl66\" width=\"182\"><\/td>\n<\/tr>\n<tr>\n<td class=\"xl67\" width=\"204\" height=\"20\">Mod\u00fcl \u00d6l\u00e7\u00fcleri (mm)<\/td>\n<td class=\"xl67\" width=\"14\">:<\/td>\n<td class=\"xl69\">670*430*25<\/td>\n<\/tr>\n<tr>\n<td class=\"xl67\" width=\"204\" height=\"20\">A\u011f\u0131rl\u0131k<\/td>\n<td class=\"xl67\" width=\"14\">:<\/td>\n<td class=\"xl69\">3.8kg<\/td>\n<\/tr>\n<tr>\n<td class=\"xl70\" colspan=\"3\" height=\"20\">Standart Test Ko\u015fullar\u0131: Am=1.5 E=1000W\/m2 Tc=25\u2103<\/td>\n<\/tr>\n<\/tbody>\n<\/table>\n","protected":false},"featured_media":6163,"comment_status":"open","ping_status":"closed","template":"","meta":{"content-type":""},"product_cat":[100],"product_tag":[118,192,117],"class_list":{"0":"post-6116","1":"product","2":"type-product","3":"status-publish","4":"has-post-thumbnail","6":"product_cat-monokristal-gunes-panelleri","7":"product_tag-gunes-paneli","8":"product_tag-monocristal-gunes-paneli","9":"product_tag-solar-panel","11":"first","12":"instock","13":"sale","14":"shipping-taxable","15":"purchasable","16":"product-type-simple"},"_links":{"self":[{"href":"https:\/\/shop.organiksolar.com\/index.php?rest_route=\/wp\/v2\/product\/6116","targetHints":{"allow":["GET"]}}],"collection":[{"href":"https:\/\/shop.organiksolar.com\/index.php?rest_route=\/wp\/v2\/product"}],"about":[{"href":"https:\/\/shop.organiksolar.com\/index.php?rest_route=\/wp\/v2\/types\/product"}],"replies":[{"embeddable":true,"href":"https:\/\/shop.organiksolar.com\/index.php?rest_route=%2Fwp%2Fv2%2Fcomments&post=6116"}],"wp:featuredmedia":[{"embeddable":true,"href":"https:\/\/shop.organiksolar.com\/index.php?rest_route=\/wp\/v2\/media\/6163"}],"wp:attachment":[{"href":"https:\/\/shop.organiksolar.com\/index.php?rest_route=%2Fwp%2Fv2%2Fmedia&parent=6116"}],"wp:term":[{"taxonomy":"product_cat","embeddable":true,"href":"https:\/\/shop.organiksolar.com\/index.php?rest_route=%2Fwp%2Fv2%2Fproduct_cat&post=6116"},{"taxonomy":"product_tag","embeddable":true,"href":"https:\/\/shop.organiksolar.com\/index.php?rest_route=%2Fwp%2Fv2%2Fproduct_tag&post=6116"}],"curies":[{"name":"wp","href":"https:\/\/api.w.org\/{rel}","templated":true}]}}