{"id":6125,"date":"2023-03-27T17:11:43","date_gmt":"2023-03-27T14:11:43","guid":{"rendered":"https:\/\/shop.organiksolar.com\/?post_type=product&#038;p=6125"},"modified":"2023-12-11T15:48:04","modified_gmt":"2023-12-11T12:48:04","slug":"230-watt-half-cut-monokristal-gunes-paneli","status":"publish","type":"product","link":"https:\/\/shop.organiksolar.com\/?product=230-watt-half-cut-monokristal-gunes-paneli","title":{"rendered":"205 w230 WATT HALF CUT MONOKR\u0130STAL G\u00dcNE\u015e PANEL\u0130"},"content":{"rendered":"","protected":false},"excerpt":{"rendered":"<table border=\"0\" width=\"400\" cellspacing=\"0\" cellpadding=\"0\">\n<tbody>\n<tr>\n<td class=\"xl66\" width=\"204\" height=\"20\">\u00dcr\u00fcn Kodu<\/td>\n<td class=\"xl66\" width=\"14\">:<\/td>\n<td class=\"xl66\" width=\"182\">LXR-230M<\/td>\n<\/tr>\n<tr>\n<td class=\"xl66\" width=\"204\" height=\"20\">Marka<\/td>\n<td class=\"xl66\" width=\"14\">:<\/td>\n<td class=\"xl66\" width=\"182\">LEXRON<\/td>\n<\/tr>\n<tr>\n<td class=\"xl67\" width=\"204\" height=\"20\">Sertifikalar<\/td>\n<td class=\"xl67\" width=\"14\">:<\/td>\n<td class=\"xl67\" width=\"182\">CE, IEC<\/td>\n<\/tr>\n<tr>\n<td class=\"xl66\" width=\"204\" height=\"20\">Elektriksel \u00d6zellikler<\/td>\n<td class=\"xl66\" width=\"14\"><\/td>\n<td class=\"xl66\" width=\"182\"><\/td>\n<\/tr>\n<tr>\n<td class=\"xl67\" width=\"204\" height=\"20\">G\u00fc\u00e7<\/td>\n<td class=\"xl67\" width=\"14\">:<\/td>\n<td class=\"xl67\" width=\"182\">230W<\/td>\n<\/tr>\n<tr>\n<td class=\"xl67\" width=\"204\" height=\"20\">H\u00fccre Say\u0131s\u0131<\/td>\n<td class=\"xl67\" width=\"14\">:<\/td>\n<td class=\"xl67\" width=\"182\">36<\/td>\n<\/tr>\n<tr>\n<td class=\"xl67\" width=\"204\" height=\"20\">A\u00e7\u0131k Devre Voltaj\u0131 (Voc)<\/td>\n<td class=\"xl67\" width=\"14\">:<\/td>\n<td class=\"xl65\">25,38V<\/td>\n<\/tr>\n<tr>\n<td class=\"xl67\" width=\"204\" height=\"20\">Maks. Voltaj (Vmp)<\/td>\n<td class=\"xl67\" width=\"14\">:<\/td>\n<td class=\"xl65\">21,15V<\/td>\n<\/tr>\n<tr>\n<td class=\"xl67\" width=\"204\" height=\"20\">K\u0131sa Devre Ak\u0131m\u0131 (Isc)<\/td>\n<td class=\"xl67\" width=\"14\">:<\/td>\n<td class=\"xl65\">11,47A<\/td>\n<\/tr>\n<tr>\n<td class=\"xl67\" width=\"204\" height=\"20\">Maks. Ak\u0131m (Imp)<\/td>\n<td class=\"xl67\" width=\"14\">:<\/td>\n<td class=\"xl65\">10,87A<\/td>\n<\/tr>\n<tr>\n<td class=\"xl67\" width=\"204\" height=\"20\">Maks. Sistem Voltaj\u0131<\/td>\n<td class=\"xl67\" width=\"14\">:<\/td>\n<td class=\"xl65\">1000V<\/td>\n<\/tr>\n<tr>\n<td class=\"xl68\" height=\"20\">Mekanik \u00d6zellikler<\/td>\n<td class=\"xl68\"><\/td>\n<td class=\"xl66\" width=\"182\"><\/td>\n<\/tr>\n<tr>\n<td class=\"xl67\" width=\"204\" height=\"20\">Mod\u00fcl \u00d6l\u00e7\u00fcleri (mm)<\/td>\n<td class=\"xl67\" width=\"14\">:<\/td>\n<td class=\"xl69\">1581*716*30<\/td>\n<\/tr>\n<tr>\n<td class=\"xl67\" width=\"204\" height=\"20\">A\u011f\u0131rl\u0131k<\/td>\n<td class=\"xl67\" width=\"14\">:<\/td>\n<td class=\"xl67\" width=\"182\">13kg<\/td>\n<\/tr>\n<tr>\n<td class=\"xl70\" colspan=\"3\" height=\"20\">Standart Test Ko\u015fullar\u0131: Am=1.5 E=1000W\/m2 Tc=25\u2103<\/td>\n<\/tr>\n<\/tbody>\n<\/table>\n","protected":false},"featured_media":6161,"comment_status":"open","ping_status":"closed","template":"","meta":{"content-type":""},"product_cat":[102],"product_tag":[118,194,117],"class_list":{"0":"post-6125","1":"product","2":"type-product","3":"status-publish","4":"has-post-thumbnail","6":"product_cat-half-cut-gunes-panelleri","7":"product_tag-gunes-paneli","8":"product_tag-half-cut-panel","9":"product_tag-solar-panel","11":"first","12":"instock","13":"shipping-taxable","14":"purchasable","15":"product-type-simple"},"_links":{"self":[{"href":"https:\/\/shop.organiksolar.com\/index.php?rest_route=\/wp\/v2\/product\/6125","targetHints":{"allow":["GET"]}}],"collection":[{"href":"https:\/\/shop.organiksolar.com\/index.php?rest_route=\/wp\/v2\/product"}],"about":[{"href":"https:\/\/shop.organiksolar.com\/index.php?rest_route=\/wp\/v2\/types\/product"}],"replies":[{"embeddable":true,"href":"https:\/\/shop.organiksolar.com\/index.php?rest_route=%2Fwp%2Fv2%2Fcomments&post=6125"}],"wp:featuredmedia":[{"embeddable":true,"href":"https:\/\/shop.organiksolar.com\/index.php?rest_route=\/wp\/v2\/media\/6161"}],"wp:attachment":[{"href":"https:\/\/shop.organiksolar.com\/index.php?rest_route=%2Fwp%2Fv2%2Fmedia&parent=6125"}],"wp:term":[{"taxonomy":"product_cat","embeddable":true,"href":"https:\/\/shop.organiksolar.com\/index.php?rest_route=%2Fwp%2Fv2%2Fproduct_cat&post=6125"},{"taxonomy":"product_tag","embeddable":true,"href":"https:\/\/shop.organiksolar.com\/index.php?rest_route=%2Fwp%2Fv2%2Fproduct_tag&post=6125"}],"curies":[{"name":"wp","href":"https:\/\/api.w.org\/{rel}","templated":true}]}}