{"id":6133,"date":"2023-03-27T17:20:14","date_gmt":"2023-03-27T14:20:14","guid":{"rendered":"https:\/\/shop.organiksolar.com\/?post_type=product&#038;p=6133"},"modified":"2023-12-11T15:25:41","modified_gmt":"2023-12-11T12:25:41","slug":"10-watt-12-volt-gunes-paneli","status":"publish","type":"product","link":"https:\/\/shop.organiksolar.com\/?product=10-watt-12-volt-gunes-paneli","title":{"rendered":"170 WATT 22 VOLT G\u00dcNE\u015e PANEL\u0130"},"content":{"rendered":"","protected":false},"excerpt":{"rendered":"<table border=\"0\" width=\"393\" cellspacing=\"0\" cellpadding=\"0\">\n<tbody>\n<tr>\n<td class=\"xl66\" width=\"169\" height=\"20\">\n<h4>\u00dcr\u00fcn Kodu<\/h4>\n<\/td>\n<td class=\"xl66\" width=\"14\">\n<h4>:<\/h4>\n<\/td>\n<td class=\"xl66\" width=\"210\">\n<h4>LXR-10P<\/h4>\n<\/td>\n<\/tr>\n<tr>\n<td class=\"xl66\" width=\"169\" height=\"20\">\n<h4>Marka<\/h4>\n<\/td>\n<td class=\"xl66\" width=\"14\">\n<h4>:<\/h4>\n<\/td>\n<td class=\"xl66\" width=\"210\">\n<h4>LEXRON<\/h4>\n<\/td>\n<\/tr>\n<tr>\n<td class=\"xl67\" width=\"169\" height=\"20\">\n<h4>Sertifikalar<\/h4>\n<\/td>\n<td class=\"xl66\" width=\"14\">\n<h4>:<\/h4>\n<\/td>\n<td class=\"xl67\" width=\"210\">\n<h4>CE, IEC<\/h4>\n<\/td>\n<\/tr>\n<tr>\n<td class=\"xl66\" width=\"169\" height=\"20\">\n<h4>Elektriksel \u00d6zellikler<\/h4>\n<\/td>\n<td class=\"xl66\" width=\"14\"><\/td>\n<td class=\"xl66\" width=\"210\"><\/td>\n<\/tr>\n<tr>\n<td class=\"xl67\" width=\"169\" height=\"20\">\n<h4>G\u00fc\u00e7<\/h4>\n<\/td>\n<td class=\"xl66\" width=\"14\">\n<h4>:<\/h4>\n<\/td>\n<td class=\"xl67\" width=\"210\">\n<h4>10W<\/h4>\n<\/td>\n<\/tr>\n<tr>\n<td class=\"xl67\" width=\"169\" height=\"20\">\n<h4>H\u00fccre Say\u0131s\u0131<\/h4>\n<\/td>\n<td class=\"xl66\" width=\"14\">\n<h4>:<\/h4>\n<\/td>\n<td class=\"xl67\" width=\"210\">\n<h4>36<\/h4>\n<\/td>\n<\/tr>\n<tr>\n<td class=\"xl67\" width=\"169\" height=\"20\">\n<h4>A\u00e7\u0131k Devre Voltaj\u0131 (Voc)<\/h4>\n<\/td>\n<td class=\"xl66\" width=\"14\">\n<h4>:<\/h4>\n<\/td>\n<td class=\"xl70\">\n<h4>22,10V<\/h4>\n<\/td>\n<\/tr>\n<tr>\n<td class=\"xl67\" width=\"169\" height=\"20\">\n<h4>Maks. Voltaj (Vmp)<\/h4>\n<\/td>\n<td class=\"xl66\" width=\"14\">\n<h4>:<\/h4>\n<\/td>\n<td class=\"xl70\">\n<h4>18.00V<\/h4>\n<\/td>\n<\/tr>\n<tr>\n<td class=\"xl67\" width=\"169\" height=\"20\">\n<h4>K\u0131sa Devre Ak\u0131m\u0131 (Isc)<\/h4>\n<\/td>\n<td class=\"xl66\" width=\"14\">\n<h4>:<\/h4>\n<\/td>\n<td class=\"xl70\">\n<h4>0.67A<\/h4>\n<\/td>\n<\/tr>\n<tr>\n<td class=\"xl67\" width=\"169\" height=\"20\">\n<h4>Maks. Ak\u0131m (Imp)<\/h4>\n<\/td>\n<td class=\"xl66\" width=\"14\">\n<h4>:<\/h4>\n<\/td>\n<td class=\"xl70\">\n<h4>0.56A<\/h4>\n<\/td>\n<\/tr>\n<tr>\n<td class=\"xl67\" width=\"169\" height=\"20\">\n<h4>Maks. Sistem Voltaj\u0131<\/h4>\n<\/td>\n<td class=\"xl66\" width=\"14\">\n<h4>:<\/h4>\n<\/td>\n<td class=\"xl70\">\n<h4>1000V<\/h4>\n<\/td>\n<\/tr>\n<tr>\n<td class=\"xl66\" width=\"169\" height=\"20\">\n<h4>Mekanik \u00d6zellikler<\/h4>\n<\/td>\n<td class=\"xl66\" width=\"14\"><\/td>\n<td class=\"xl66\" width=\"210\"><\/td>\n<\/tr>\n<tr>\n<td class=\"xl67\" width=\"169\" height=\"20\">\n<h4>Mod\u00fcl \u00d6l\u00e7\u00fcleri<\/h4>\n<\/td>\n<td class=\"xl66\" width=\"14\">\n<h4>:<\/h4>\n<\/td>\n<td class=\"xl67\" width=\"210\">\n<h4>300*300*25<\/h4>\n<\/td>\n<\/tr>\n<tr>\n<td class=\"xl67\" width=\"169\" height=\"20\">\n<h4>A\u011f\u0131rl\u0131k<\/h4>\n<\/td>\n<td class=\"xl66\" width=\"14\">\n<h4>:<\/h4>\n<\/td>\n<td class=\"xl67\" width=\"210\">\n<h4>1.3kg<\/h4>\n<\/td>\n<\/tr>\n<tr>\n<td class=\"xl69\" colspan=\"3\" width=\"393\" height=\"20\">\n<h4>Standart Test Ko\u015fullar\u0131: Am=1.5 E=1000W\/m2 Tc=25\u2103<\/h4>\n<\/td>\n<\/tr>\n<\/tbody>\n<\/table>\n","protected":false},"featured_media":6163,"comment_status":"open","ping_status":"closed","template":"","meta":{"content-type":""},"product_cat":[101],"product_tag":[118,117],"class_list":{"0":"post-6133","1":"product","2":"type-product","3":"status-publish","4":"has-post-thumbnail","6":"product_cat-policristal-gunes-panelleri","7":"product_tag-gunes-paneli","8":"product_tag-solar-panel","10":"first","11":"instock","12":"shipping-taxable","13":"purchasable","14":"product-type-simple"},"_links":{"self":[{"href":"https:\/\/shop.organiksolar.com\/index.php?rest_route=\/wp\/v2\/product\/6133","targetHints":{"allow":["GET"]}}],"collection":[{"href":"https:\/\/shop.organiksolar.com\/index.php?rest_route=\/wp\/v2\/product"}],"about":[{"href":"https:\/\/shop.organiksolar.com\/index.php?rest_route=\/wp\/v2\/types\/product"}],"replies":[{"embeddable":true,"href":"https:\/\/shop.organiksolar.com\/index.php?rest_route=%2Fwp%2Fv2%2Fcomments&post=6133"}],"wp:featuredmedia":[{"embeddable":true,"href":"https:\/\/shop.organiksolar.com\/index.php?rest_route=\/wp\/v2\/media\/6163"}],"wp:attachment":[{"href":"https:\/\/shop.organiksolar.com\/index.php?rest_route=%2Fwp%2Fv2%2Fmedia&parent=6133"}],"wp:term":[{"taxonomy":"product_cat","embeddable":true,"href":"https:\/\/shop.organiksolar.com\/index.php?rest_route=%2Fwp%2Fv2%2Fproduct_cat&post=6133"},{"taxonomy":"product_tag","embeddable":true,"href":"https:\/\/shop.organiksolar.com\/index.php?rest_route=%2Fwp%2Fv2%2Fproduct_tag&post=6133"}],"curies":[{"name":"wp","href":"https:\/\/api.w.org\/{rel}","templated":true}]}}