{"id":6135,"date":"2023-03-27T17:27:22","date_gmt":"2023-03-27T14:27:22","guid":{"rendered":"https:\/\/shop.organiksolar.com\/?post_type=product&#038;p=6135"},"modified":"2023-03-30T16:36:37","modified_gmt":"2023-03-30T13:36:37","slug":"22-watt-12volt-gunes-paneli","status":"publish","type":"product","link":"https:\/\/shop.organiksolar.com\/?product=22-watt-12volt-gunes-paneli","title":{"rendered":"22 WATT 12VOLT G\u00dcNE\u015e PANEL\u0130"},"content":{"rendered":"","protected":false},"excerpt":{"rendered":"<table border=\"0\" width=\"359\" cellspacing=\"0\" cellpadding=\"0\">\n<tbody>\n<tr>\n<td class=\"xl69\" colspan=\"3\" width=\"359\" height=\"20\"><\/td>\n<\/tr>\n<tr>\n<td class=\"xl66\" width=\"169\" height=\"20\">\u00dcr\u00fcn Kodu<\/td>\n<td class=\"xl66\" width=\"14\">:<\/td>\n<td class=\"xl66\" width=\"176\">LXR-22P<\/td>\n<\/tr>\n<tr>\n<td class=\"xl66\" width=\"169\" height=\"20\">Marka<\/td>\n<td class=\"xl66\" width=\"14\">:<\/td>\n<td class=\"xl66\" width=\"176\">LEXRON<\/td>\n<\/tr>\n<tr>\n<td class=\"xl67\" width=\"169\" height=\"20\">Sertifikalar<\/td>\n<td class=\"xl66\" width=\"14\">:<\/td>\n<td class=\"xl67\" width=\"176\">CE, IEC<\/td>\n<\/tr>\n<tr>\n<td class=\"xl66\" width=\"169\" height=\"20\">Elektriksel \u00d6zellikler<\/td>\n<td class=\"xl66\" width=\"14\"><\/td>\n<td class=\"xl66\" width=\"176\"><\/td>\n<\/tr>\n<tr>\n<td class=\"xl67\" width=\"169\" height=\"20\">G\u00fc\u00e7<\/td>\n<td class=\"xl66\" width=\"14\">:<\/td>\n<td class=\"xl67\" width=\"176\">22W<\/td>\n<\/tr>\n<tr>\n<td class=\"xl67\" width=\"169\" height=\"20\">H\u00fccre Say\u0131s\u0131<\/td>\n<td class=\"xl66\" width=\"14\">:<\/td>\n<td class=\"xl67\" width=\"176\">36<\/td>\n<\/tr>\n<tr>\n<td class=\"xl67\" width=\"169\" height=\"20\">A\u00e7\u0131k Devre Voltaj\u0131 (Voc)<\/td>\n<td class=\"xl66\" width=\"14\">:<\/td>\n<td class=\"xl70\">22,10V<\/td>\n<\/tr>\n<tr>\n<td class=\"xl67\" width=\"169\" height=\"20\">Maks. Voltaj (Vmp)<\/td>\n<td class=\"xl66\" width=\"14\">:<\/td>\n<td class=\"xl70\">18.00V<\/td>\n<\/tr>\n<tr>\n<td class=\"xl67\" width=\"169\" height=\"20\">K\u0131sa Devre Ak\u0131m\u0131 (Isc)<\/td>\n<td class=\"xl66\" width=\"14\">:<\/td>\n<td class=\"xl70\">1.35A<\/td>\n<\/tr>\n<tr>\n<td class=\"xl67\" width=\"169\" height=\"20\">Maks. Ak\u0131m (Imp)<\/td>\n<td class=\"xl66\" width=\"14\">:<\/td>\n<td class=\"xl70\">1.11A<\/td>\n<\/tr>\n<tr>\n<td class=\"xl67\" width=\"169\" height=\"20\">Maks. Sistem Voltaj\u0131<\/td>\n<td class=\"xl66\" width=\"14\">:<\/td>\n<td class=\"xl70\">1000V<\/td>\n<\/tr>\n<tr>\n<td class=\"xl66\" width=\"169\" height=\"20\">Mekanik \u00d6zellikler<\/td>\n<td class=\"xl66\" width=\"14\"><\/td>\n<td class=\"xl66\" width=\"176\"><\/td>\n<\/tr>\n<tr>\n<td class=\"xl67\" width=\"169\" height=\"20\">Mod\u00fcl \u00d6l\u00e7\u00fcleri<\/td>\n<td class=\"xl66\" width=\"14\">:<\/td>\n<td class=\"xl67\" width=\"176\">360*430*25<\/td>\n<\/tr>\n<tr>\n<td class=\"xl67\" width=\"169\" height=\"20\">A\u011f\u0131rl\u0131k<\/td>\n<td class=\"xl66\" width=\"14\">:<\/td>\n<td class=\"xl67\" width=\"176\">1.68kg<\/td>\n<\/tr>\n<tr>\n<td class=\"xl69\" colspan=\"3\" width=\"359\" height=\"20\">Standart Test Ko\u015fullar\u0131: Am=1.5 E=1000W\/m2 Tc=25\u2103<\/td>\n<\/tr>\n<\/tbody>\n<\/table>\n","protected":false},"featured_media":6163,"comment_status":"open","ping_status":"closed","template":"","meta":{"content-type":""},"product_cat":[101],"product_tag":[196,195,117],"class_list":{"0":"post-6135","1":"product","2":"type-product","3":"status-publish","4":"has-post-thumbnail","6":"product_cat-policristal-gunes-panelleri","7":"product_tag-gunes-panel","8":"product_tag-polikristal-gunel-paneli","9":"product_tag-solar-panel","11":"first","12":"instock","13":"sale","14":"shipping-taxable","15":"purchasable","16":"product-type-simple"},"_links":{"self":[{"href":"https:\/\/shop.organiksolar.com\/index.php?rest_route=\/wp\/v2\/product\/6135","targetHints":{"allow":["GET"]}}],"collection":[{"href":"https:\/\/shop.organiksolar.com\/index.php?rest_route=\/wp\/v2\/product"}],"about":[{"href":"https:\/\/shop.organiksolar.com\/index.php?rest_route=\/wp\/v2\/types\/product"}],"replies":[{"embeddable":true,"href":"https:\/\/shop.organiksolar.com\/index.php?rest_route=%2Fwp%2Fv2%2Fcomments&post=6135"}],"wp:featuredmedia":[{"embeddable":true,"href":"https:\/\/shop.organiksolar.com\/index.php?rest_route=\/wp\/v2\/media\/6163"}],"wp:attachment":[{"href":"https:\/\/shop.organiksolar.com\/index.php?rest_route=%2Fwp%2Fv2%2Fmedia&parent=6135"}],"wp:term":[{"taxonomy":"product_cat","embeddable":true,"href":"https:\/\/shop.organiksolar.com\/index.php?rest_route=%2Fwp%2Fv2%2Fproduct_cat&post=6135"},{"taxonomy":"product_tag","embeddable":true,"href":"https:\/\/shop.organiksolar.com\/index.php?rest_route=%2Fwp%2Fv2%2Fproduct_tag&post=6135"}],"curies":[{"name":"wp","href":"https:\/\/api.w.org\/{rel}","templated":true}]}}