{"id":6293,"date":"2023-04-28T15:03:44","date_gmt":"2023-04-28T12:03:44","guid":{"rendered":"https:\/\/shop.organiksolar.com\/?post_type=product&#038;p=6293"},"modified":"2023-04-28T19:55:09","modified_gmt":"2023-04-28T16:55:09","slug":"6293","status":"publish","type":"product","link":"https:\/\/shop.organiksolar.com\/?product=6293","title":{"rendered":"3 HP (BEYG\u0130R) POMPA G\u00dcNE\u015e ENERJ\u0130L\u0130 SULAMA S\u0130STEM\u0130"},"content":{"rendered":"","protected":false},"excerpt":{"rendered":"","protected":false},"featured_media":6004,"comment_status":"open","ping_status":"closed","template":"","meta":{"content-type":""},"product_cat":[89],"product_tag":[182,186,181],"class_list":{"0":"post-6293","1":"product","2":"type-product","3":"status-publish","4":"has-post-thumbnail","6":"product_cat-solar-sulama-sistemleri","7":"product_tag-gunes-enerili-sulama-sistemleri","8":"product_tag-gunes-enerjili-sulama","9":"product_tag-solar-sulama","11":"first","12":"instock","13":"shipping-taxable","14":"purchasable","15":"product-type-simple"},"_links":{"self":[{"href":"https:\/\/shop.organiksolar.com\/index.php?rest_route=\/wp\/v2\/product\/6293","targetHints":{"allow":["GET"]}}],"collection":[{"href":"https:\/\/shop.organiksolar.com\/index.php?rest_route=\/wp\/v2\/product"}],"about":[{"href":"https:\/\/shop.organiksolar.com\/index.php?rest_route=\/wp\/v2\/types\/product"}],"replies":[{"embeddable":true,"href":"https:\/\/shop.organiksolar.com\/index.php?rest_route=%2Fwp%2Fv2%2Fcomments&post=6293"}],"wp:featuredmedia":[{"embeddable":true,"href":"https:\/\/shop.organiksolar.com\/index.php?rest_route=\/wp\/v2\/media\/6004"}],"wp:attachment":[{"href":"https:\/\/shop.organiksolar.com\/index.php?rest_route=%2Fwp%2Fv2%2Fmedia&parent=6293"}],"wp:term":[{"taxonomy":"product_cat","embeddable":true,"href":"https:\/\/shop.organiksolar.com\/index.php?rest_route=%2Fwp%2Fv2%2Fproduct_cat&post=6293"},{"taxonomy":"product_tag","embeddable":true,"href":"https:\/\/shop.organiksolar.com\/index.php?rest_route=%2Fwp%2Fv2%2Fproduct_tag&post=6293"}],"curies":[{"name":"wp","href":"https:\/\/api.w.org\/{rel}","templated":true}]}}