{"id":6337,"date":"2023-04-28T19:35:44","date_gmt":"2023-04-28T16:35:44","guid":{"rendered":"https:\/\/shop.organiksolar.com\/?post_type=product&#038;p=6337"},"modified":"2023-12-11T15:13:33","modified_gmt":"2023-12-11T12:13:33","slug":"5-5-hp-beygir-pompa-gunes-enerjili-tarimsal-sulama-sistemi","status":"publish","type":"product","link":"https:\/\/shop.organiksolar.com\/?product=5-5-hp-beygir-pompa-gunes-enerjili-tarimsal-sulama-sistemi","title":{"rendered":"5.5 HP (BEYG\u0130R) POMPA G\u00dcNE\u015e ENERJ\u0130L\u0130 TARIMSAL SULAMA S\u0130STEM\u0130"},"content":{"rendered":"<h3><strong>G\u00fcne\u015f Enerjili Tar\u0131msal Sulama Sistemi Paketine D\u00e2hil Olan \u00dcr\u00fcnler<\/strong><\/h3>\n<ul>\n<li><b>\u00b7\u00a0\u00a0\u00a0\u00a0\u00a0\u00a0\u00a0\u00a0\u00a014 Adet\u00a0 \u00a0&#8211;\u00a0\u00a0455 Watt Lexron Half Cut Monokristal G\u00fcne\u015f Paneli (En Verimli Panel)<br \/>\n<\/b><\/li>\n<li><b>\u00b7\u00a0\u00a0\u00a0\u00a0\u00a0\u00a0\u00a0\u00a0\u00a01 Adet\u00a0 \u00a0 \u00a0&#8211;\u00a0 5,5 HP Trifaze Smart -Tescom S\u00fcr\u00fcc\u00fc \u0130nverteri<br \/>\n<\/b><\/li>\n<li><b>\u00b7\u00a0\u00a0\u00a0\u00a0\u00a0\u00a0\u00a0\u00a0\u00a01 Adet\u00a0 \u00a0 \u00a0&#8211;\u00a0 Kontrol Panosu<\/b><\/li>\n<li><b>\u00b7\u00a0 \u00a0 \u00a0 \u00a0\u00a010 Metre\u00a0 &#8211; \u00a0K\u0131rm\u0131z\u0131 Solar Kablo 4 mm<br \/>\n<\/b><\/li>\n<li><b>\u00b7\u00a0 \u00a0 \u00a0 \u00a0 \u00a010 Metre\u00a0 &#8211;\u00a0 Siyah Solar Kablo 4 mm<br \/>\n<\/b><\/li>\n<li><b>\u00b7\u00a0\u00a0\u00a0\u00a0\u00a0\u00a0\u00a0\u00a0\u00a01 Tak\u0131m\u00a0 \u00a0&#8211;\u00a0 Solar Ba\u011flant\u0131 Konnekt\u00f6rleri<\/b><\/li>\n<\/ul>\n<p>&nbsp;<\/p>\n","protected":false},"excerpt":{"rendered":"<ul>\n<li><b>14 Adet\u00a0 \u00a0&#8211;\u00a0 455 Watt Lexron Half Cut Monokristal G\u00fcne\u015f Paneli (En Verimli Panel)<br \/>\n<\/b><\/li>\n<li><b>1 Adet\u00a0 \u00a0 \u00a0&#8211;\u00a0 5,5 HP Trifaze Smart &#8211; S\u00fcr\u00fcc\u00fc \u0130nverteri<br \/>\n<\/b><\/li>\n<li><b>1 Adet\u00a0 \u00a0 \u00a0&#8211;\u00a0 Kontrol Panosu<\/b><\/li>\n<li><b>10 Metre\u00a0 &#8211; \u00a0K\u0131rm\u0131z\u0131 Solar Kablo 4 mm<br \/>\n<\/b><\/li>\n<li><b>10 Metre\u00a0 &#8211;\u00a0 Siyah Solar Kablo 4 mm<br \/>\n<\/b><\/li>\n<li><b><b>1 Tak\u0131m\u00a0 \u00a0&#8211;\u00a0 Solar Ba\u011flant\u0131 Konnekt\u00f6rleri<\/b><\/b><\/li>\n<li>Pompa Beygir G\u00fcc\u00fc: 5.5 hp<\/li>\n<li>Pompa G\u00fcc\u00fc: 4 kW<\/li>\n<li style=\"text-align: left;\">\u00c7al\u0131\u015fma Voltaj\u0131: 380 TrifazeSulama paketine montaj sistemi ve montaj\u00a0 <b>dahil de\u011fildir<\/b>.\u00a0\u00a0Belirtilen fiyat sadece\u00a0<b>yukar\u0131da belirtilen \u00fcr\u00fcnlerin<\/b>\u00a0maliyetidir.<\/li>\n<\/ul>\n<p><u>Montaj \u0130\u00e7in<\/u><\/p>\n<p>\u2013 G\u00fcne\u015f Panel Sehpa Demirleri (Konstr\u00fcksiyon)<\/p>\n<p>\u2013 Montaj Aparatlar\u0131<\/p>\n<p>\u2013 Ula\u015f\u0131m \u2013 Nakliye<\/p>\n<p>\u2013 Kurulum<\/p>\n<p>Ayr\u0131ca fiyatland\u0131r\u0131lmaktad\u0131r.<\/p>\n","protected":false},"featured_media":6004,"comment_status":"open","ping_status":"closed","template":"","meta":{"content-type":""},"product_cat":[89],"product_tag":[],"class_list":{"0":"post-6337","1":"product","2":"type-product","3":"status-publish","4":"has-post-thumbnail","6":"product_cat-solar-sulama-sistemleri","8":"first","9":"instock","10":"shipping-taxable","11":"purchasable","12":"product-type-simple"},"_links":{"self":[{"href":"https:\/\/shop.organiksolar.com\/index.php?rest_route=\/wp\/v2\/product\/6337","targetHints":{"allow":["GET"]}}],"collection":[{"href":"https:\/\/shop.organiksolar.com\/index.php?rest_route=\/wp\/v2\/product"}],"about":[{"href":"https:\/\/shop.organiksolar.com\/index.php?rest_route=\/wp\/v2\/types\/product"}],"replies":[{"embeddable":true,"href":"https:\/\/shop.organiksolar.com\/index.php?rest_route=%2Fwp%2Fv2%2Fcomments&post=6337"}],"wp:featuredmedia":[{"embeddable":true,"href":"https:\/\/shop.organiksolar.com\/index.php?rest_route=\/wp\/v2\/media\/6004"}],"wp:attachment":[{"href":"https:\/\/shop.organiksolar.com\/index.php?rest_route=%2Fwp%2Fv2%2Fmedia&parent=6337"}],"wp:term":[{"taxonomy":"product_cat","embeddable":true,"href":"https:\/\/shop.organiksolar.com\/index.php?rest_route=%2Fwp%2Fv2%2Fproduct_cat&post=6337"},{"taxonomy":"product_tag","embeddable":true,"href":"https:\/\/shop.organiksolar.com\/index.php?rest_route=%2Fwp%2Fv2%2Fproduct_tag&post=6337"}],"curies":[{"name":"wp","href":"https:\/\/api.w.org\/{rel}","templated":true}]}}